{"id":21338,"date":"2023-01-12T15:57:19","date_gmt":"2023-01-12T14:57:19","guid":{"rendered":"https:\/\/www.omeps.it\/?page_id=21338"},"modified":"2023-01-12T15:57:20","modified_gmt":"2023-01-12T14:57:20","slug":"proiectare","status":"publish","type":"page","link":"https:\/\/www.omeps.it\/ro\/proiectare\/","title":{"rendered":"Proiectare"},"content":{"rendered":"<section class=\"wpb-content-wrapper\"><p>[vc_row css_animation=&#8221;&#8221; row_type=&#8221;row&#8221; use_row_as_full_screen_section=&#8221;no&#8221; type=&#8221;full_width&#8221; angled_section=&#8221;no&#8221; text_align=&#8221;center&#8221; background_image_as_pattern=&#8221;without_pattern&#8221; background_image=&#8221;18829&#8243; css=&#8221;.vc_custom_1635847663811{padding-top: 150px !important;padding-bottom: 150px !important;}&#8221; z_index=&#8221;&#8221;][vc_column][vc_row_inner row_type=&#8221;row&#8221; type=&#8221;grid&#8221; text_align=&#8221;left&#8221; css_animation=&#8221;&#8221;][vc_column_inner width=&#8221;1\/6&#8243;][\/vc_column_inner][vc_column_inner width=&#8221;2\/3&#8243;][vc_single_image image=&#8221;21069&#8243; img_size=&#8221;medium&#8221; alignment=&#8221;center&#8221; qode_css_animation=&#8221;&#8221; css=&#8221;.vc_custom_1629813852915{margin-bottom: 30px !important;}&#8221;][vc_column_text]<\/p>\n<h1 style=\"text-align: center; color: #fff;\">Nevoile clien\u021bilor stau la baza muncii noastre<\/h1>\n<p>[\/vc_column_text][vc_separator type=&#8221;small&#8221; position=&#8221;center&#8221; up=&#8221;26&#8243; down=&#8221;26&#8243; thickness=&#8221;5px&#8221;][\/vc_column_inner][vc_column_inner width=&#8221;1\/6&#8243;][\/vc_column_inner][\/vc_row_inner][\/vc_column][\/vc_row][vc_row css_animation=&#8221;&#8221; row_type=&#8221;row&#8221; use_row_as_full_screen_section=&#8221;no&#8221; type=&#8221;grid&#8221; angled_section=&#8221;no&#8221; text_align=&#8221;left&#8221; background_image_as_pattern=&#8221;without_pattern&#8221; padding_top=&#8221;88&#8243; padding_bottom=&#8221;75&#8243;][vc_column width=&#8221;1\/2&#8243;][vc_gallery type=&#8221;flexslider_slide&#8221; interval=&#8221;3&#8243; images=&#8221;21173,21210,21209,21211&#8243; img_size=&#8221;full&#8221; onclick=&#8221;&#8221; enable_drag=&#8221;yes&#8221; direction_nav=&#8221;yes&#8221; frame=&#8221;no&#8221;][\/vc_column][vc_column width=&#8221;1\/2&#8243;][vc_separator type=&#8221;transparent&#8221; up=&#8221;44&#8243; down=&#8221;0&#8243;][vc_column_text]<\/p>\n<h3>O.ME.P.S a fost \u0219i este \u00eenc\u0103 un pionier \u00een Italia pentru dezvoltarea unui departament de inginerie capabil s\u0103 conceap\u0103 \u0219i s\u0103 gestioneze digital \u00eentreaga faz\u0103 de proiectare.<\/h3>\n<p>[\/vc_column_text][vc_separator type=&#8221;small&#8221; position=&#8221;left&#8221; up=&#8221;26&#8243; down=&#8221;26&#8243; thickness=&#8221;3px&#8221;][vc_column_text]<\/p>\n<div class=\"wpb_text_column wpb_content_element \">\n<div class=\"wpb_wrapper\">\n<p>Software-ul special pentru modelarea 3D \u0219i software-ul inovator de calcul permit O.ME.P.S. s\u0103:<\/p>\n<ul>\n<li>r\u0103spund\u0103 solicit\u0103rilor specifice conform planurilor de \u00eenc\u0103rcare solicitate de clien\u021bi<\/li>\n<li>calibreze cu precizie fiabilitatea vehiculului prin simul\u0103ri ale condi\u021biilor de \u00eenc\u0103rcare<\/li>\n<li>previn\u0103 erorile de proiectare<\/li>\n<li>reduc\u0103 timpul de produc\u021bie \u0219i livrare<\/li>\n<li>reduc\u0103 costurile de operare, oferind un profit mai mare<\/li>\n<\/ul>\n<\/div>\n<\/div>\n<p>[\/vc_column_text][vc_separator type=&#8221;transparent&#8221; up=&#8221;25&#8243; down=&#8221;0&#8243;][\/vc_column][\/vc_row][vc_row css_animation=&#8221;&#8221; row_type=&#8221;row&#8221; use_row_as_full_screen_section=&#8221;no&#8221; type=&#8221;full_width&#8221; angled_section=&#8221;no&#8221; text_align=&#8221;left&#8221; background_image_as_pattern=&#8221;without_pattern&#8221; z_index=&#8221;&#8221; padding_top=&#8221;300px&#8221; padding_bottom=&#8221;300px&#8221; css=&#8221;.vc_custom_1629814994957{padding-top: 100px !important;padding-bottom: 100px !important;}&#8221;][vc_column][vc_row_inner row_type=&#8221;row&#8221; type=&#8221;full_width&#8221; text_align=&#8221;left&#8221; css_animation=&#8221;&#8221; css=&#8221;.vc_custom_1631867494391{padding-right: 5% !important;padding-left: 5% !important;}&#8221;][vc_column_inner width=&#8221;1\/5&#8243; css=&#8221;.vc_custom_1631542075115{margin-bottom: 30px !important;}&#8221;][vc_single_image image=&#8221;19815&#8243; img_size=&#8221;full&#8221; alignment=&#8221;center&#8221; qode_css_animation=&#8221;&#8221;][\/vc_column_inner][vc_column_inner width=&#8221;1\/5&#8243; css=&#8221;.vc_custom_1631542082257{margin-bottom: 30px !important;}&#8221;][vc_single_image image=&#8221;21093&#8243; img_size=&#8221;85&#215;108&#8243; alignment=&#8221;center&#8221; qode_css_animation=&#8221;&#8221;][\/vc_column_inner][vc_column_inner width=&#8221;1\/5&#8243; css=&#8221;.vc_custom_1631542590051{margin-bottom: 30px !important;}&#8221;][vc_single_image image=&#8221;19731&#8243; img_size=&#8221;full&#8221; alignment=&#8221;center&#8221; qode_css_animation=&#8221;&#8221;][\/vc_column_inner][vc_column_inner width=&#8221;1\/5&#8243; css=&#8221;.vc_custom_1631542596429{margin-bottom: 30px !important;}&#8221;][vc_single_image image=&#8221;21093&#8243; img_size=&#8221;85&#215;108&#8243; alignment=&#8221;center&#8221; qode_css_animation=&#8221;&#8221;][\/vc_column_inner][vc_column_inner width=&#8221;1\/5&#8243;][vc_single_image image=&#8221;21092&#8243; img_size=&#8221;308&#215;176&#8243; alignment=&#8221;center&#8221; qode_css_animation=&#8221;&#8221;][\/vc_column_inner][\/vc_row_inner][\/vc_column][\/vc_row][vc_row row_type=&#8221;parallax&#8221; parallax_content_width=&#8221;in_grid&#8221; text_align=&#8221;left&#8221; full_screen_section_height=&#8221;no&#8221; background_image=&#8221;18837&#8243; section_height=&#8221;500&#8243; parallax_speed=&#8221;1&#8243;][vc_column][\/vc_column][\/vc_row][vc_row css_animation=&#8221;&#8221; row_type=&#8221;row&#8221; use_row_as_full_screen_section=&#8221;no&#8221; type=&#8221;grid&#8221; angled_section=&#8221;no&#8221; text_align=&#8221;left&#8221; background_image_as_pattern=&#8221;without_pattern&#8221; padding_top=&#8221;88&#8243; padding_bottom=&#8221;75&#8243; z_index=&#8221;&#8221; css=&#8221;.vc_custom_1629809342859{padding-top: 100px !important;padding-bottom: 50px !important;background-color: #f7f7f7 !important;}&#8221;][vc_column][vc_column_text]<\/p>\n<h3 style=\"font-size: 40px; line-height: 45px;\">Dezvoltarea proiectului \u00eencepe imediat dup\u0103 analiza nevoilor clien\u021bilor:<\/h3>\n<p>[\/vc_column_text][vc_separator type=&#8221;small&#8221; position=&#8221;left&#8221; up=&#8221;26&#8243; down=&#8221;26&#8243; thickness=&#8221;2&#8243;][vc_row_inner row_type=&#8221;row&#8221; type=&#8221;full_width&#8221; text_align=&#8221;left&#8221; css_animation=&#8221;&#8221;][vc_column_inner width=&#8221;1\/3&#8243; css=&#8221;.vc_custom_1632125182334{margin-bottom: 30px !important;}&#8221;]<div class=\"qode-info-card\">\n\t\t\t<div class=\"qode-info-card-image\" style=\"background-color:#fff\">\n\t\t\t<img src=\"https:\/\/www.omeps.it\/wp-content\/uploads\/2017\/05\/prog-01-crop-u53934.jpg\" alt=\"\" \/>\n\t\t<\/div>\n\t\t<div class=\"qode-info-card-text-holder\" style=\"background-color:#fff\">\n\t\t\t\t\t<h2 class=\"qode-info-card-title\" >\n\t\t\t\t1\t\t\t<\/h2>\n\t\t\t\t\t\t\t<p class=\"qode-info-card-text\" >\n\t\t\t\tStudierea si realizarea unui model 3D al rezervorului in functie de volumul de \u00eenc\u0103rcare dorit de client.\t\t\t<\/p>\n\t\t\t<\/div>\n\t<\/div>[\/vc_column_inner][vc_column_inner width=&#8221;1\/3&#8243; css=&#8221;.vc_custom_1632125189567{margin-bottom: 30px !important;}&#8221;]<div class=\"qode-info-card\">\n\t\t\t<div class=\"qode-info-card-image\" style=\"background-color:#fff\">\n\t\t\t<img src=\"https:\/\/www.omeps.it\/wp-content\/uploads\/2021\/09\/distrubuzione-carico.jpg\" alt=\"\" \/>\n\t\t<\/div>\n\t\t<div class=\"qode-info-card-text-holder\" style=\"background-color:#fff\">\n\t\t\t\t\t<h2 class=\"qode-info-card-title\" >\n\t\t\t\t2\t\t\t<\/h2>\n\t\t\t\t\t\t\t<p class=\"qode-info-card-text\" >\n\t\t\t\tVerificarea distribu\u021biei sarcinii pe a cincea roat\u0103 \u0219i pe osii.\t\t\t<\/p>\n\t\t\t<\/div>\n\t<\/div>[\/vc_column_inner][vc_column_inner width=&#8221;1\/3&#8243; css=&#8221;.vc_custom_1632125199365{margin-bottom: 30px !important;}&#8221;]<div class=\"qode-info-card\">\n\t\t\t<div class=\"qode-info-card-image\" style=\"background-color:#fff\">\n\t\t\t<img src=\"https:\/\/www.omeps.it\/wp-content\/uploads\/2021\/09\/Analisi-strutturale.jpg\" alt=\"\" \/>\n\t\t<\/div>\n\t\t<div class=\"qode-info-card-text-holder\" style=\"background-color:#fff\">\n\t\t\t\t\t<h2 class=\"qode-info-card-title\" >\n\t\t\t\t3\t\t\t<\/h2>\n\t\t\t\t\t\t\t<p class=\"qode-info-card-text\" >\n\t\t\t\tAnaliza structural\u0103 a modelului \u0219i identificarea solu\u021biilor tehnice pentru reducerea stresului \u0219i optimizarea timpului de desc\u0103rcare.\t\t\t<\/p>\n\t\t\t<\/div>\n\t<\/div>[\/vc_column_inner][\/vc_row_inner][vc_row_inner row_type=&#8221;row&#8221; type=&#8221;full_width&#8221; text_align=&#8221;left&#8221; css_animation=&#8221;&#8221;][vc_column_inner width=&#8221;1\/3&#8243; css=&#8221;.vc_custom_1632125208940{margin-bottom: 30px !important;}&#8221;]<div class=\"qode-info-card\">\n\t\t\t<div class=\"qode-info-card-image\" style=\"background-color:#fff\">\n\t\t\t<img src=\"https:\/\/www.omeps.it\/wp-content\/uploads\/2021\/09\/modellazione-3D.jpg\" alt=\"\" \/>\n\t\t<\/div>\n\t\t<div class=\"qode-info-card-text-holder\" style=\"background-color:#fff\">\n\t\t\t\t\t<h2 class=\"qode-info-card-title\" >\n\t\t\t\t4\t\t\t<\/h2>\n\t\t\t\t\t\t\t<p class=\"qode-info-card-text\" >\n\t\t\t\tModelarea 3D a \u0219asiului, capacelor, pasarelei \u0219i a tuturor celorlalte componente p\u00e2n\u0103 la modelarea complet\u0103 a vehiculului pentru a preveni orice posibil\u0103 problem\u0103 de asamblare (sau opera\u021bional\u0103)\t\t\t<\/p>\n\t\t\t<\/div>\n\t<\/div>[\/vc_column_inner][vc_column_inner width=&#8221;1\/3&#8243; css=&#8221;.vc_custom_1632125215027{margin-bottom: 30px !important;}&#8221;]<div class=\"qode-info-card\">\n\t\t\t<div class=\"qode-info-card-image\" style=\"background-color:#fff\">\n\t\t\t<img src=\"https:\/\/www.omeps.it\/wp-content\/uploads\/2021\/09\/disegni.jpg\" alt=\"\" \/>\n\t\t<\/div>\n\t\t<div class=\"qode-info-card-text-holder\" style=\"background-color:#fff\">\n\t\t\t\t\t<h2 class=\"qode-info-card-title\" >\n\t\t\t\t5\t\t\t<\/h2>\n\t\t\t\t\t\t\t<p class=\"qode-info-card-text\" >\n\t\t\t\tDesenele sunt realizate cu toate specificatiile pentru a fi trimise in produc\u021bie. \u00cen acest moment, remorca este gata s\u0103 fie construit\u0103.\t\t\t<\/p>\n\t\t\t<\/div>\n\t<\/div>[\/vc_column_inner][vc_column_inner width=&#8221;1\/3&#8243; css=&#8221;.vc_custom_1632125221192{margin-bottom: 30px !important;}&#8221;][\/vc_column_inner][\/vc_row_inner][\/vc_column][\/vc_row]<\/p>\n<\/section>","protected":false},"excerpt":{"rendered":"<p>[vc_row css_animation=&#8221;&#8221; row_type=&#8221;row&#8221; use_row_as_full_screen_section=&#8221;no&#8221; type=&#8221;full_width&#8221; angled_section=&#8221;no&#8221; text_align=&#8221;center&#8221; background_image_as_pattern=&#8221;without_pattern&#8221; background_image=&#8221;18829&#8243; css=&#8221;.vc_custom_1635847663811{padding-top: 150px !important;padding-bottom: 150px !important;}&#8221; z_index=&#8221;&#8221;][vc_column][vc_row_inner row_type=&#8221;row&#8221; type=&#8221;grid&#8221; text_align=&#8221;left&#8221; css_animation=&#8221;&#8221;][vc_column_inner width=&#8221;1\/6&#8243;][\/vc_column_inner][vc_column_inner width=&#8221;2\/3&#8243;][vc_single_image image=&#8221;21069&#8243; img_size=&#8221;medium&#8221; alignment=&#8221;center&#8221; qode_css_animation=&#8221;&#8221; css=&#8221;.vc_custom_1629813852915{margin-bottom: 30px !important;}&#8221;][vc_column_text] Nevoile clien\u021bilor stau la baza muncii noastre [\/vc_column_text][vc_separator type=&#8221;small&#8221; position=&#8221;center&#8221; up=&#8221;26&#8243; down=&#8221;26&#8243; thickness=&#8221;5px&#8221;][\/vc_column_inner][vc_column_inner width=&#8221;1\/6&#8243;][\/vc_column_inner][\/vc_row_inner][\/vc_column][\/vc_row][vc_row css_animation=&#8221;&#8221; row_type=&#8221;row&#8221; use_row_as_full_screen_section=&#8221;no&#8221;&#8230;<\/p>\n","protected":false},"author":3,"featured_media":0,"parent":0,"menu_order":0,"comment_status":"closed","ping_status":"closed","template":"full_width.php","meta":{"_vp_format_video_url":"","_vp_image_focal_point":[]},"yoast_head":"<!-- This site is optimized with the Yoast SEO plugin v20.7 - https:\/\/yoast.com\/wordpress\/plugins\/seo\/ -->\n<title>Proiectare - O.ME.P.S. Silotrailers<\/title>\n<meta name=\"robots\" content=\"index, follow, max-snippet:-1, max-image-preview:large, max-video-preview:-1\" \/>\n<link rel=\"canonical\" href=\"https:\/\/www.omeps.it\/ro\/proiectare\/\" \/>\n<meta property=\"og:locale\" content=\"ro_RO\" \/>\n<meta property=\"og:type\" content=\"article\" \/>\n<meta property=\"og:title\" content=\"Proiectare - O.ME.P.S. Silotrailers\" \/>\n<meta property=\"og:description\" content=\"[vc_row css_animation=&#8221;&#8221; row_type=&#8221;row&#8221; use_row_as_full_screen_section=&#8221;no&#8221; type=&#8221;full_width&#8221; angled_section=&#8221;no&#8221; text_align=&#8221;center&#8221; background_image_as_pattern=&#8221;without_pattern&#8221; background_image=&#8221;18829&#8243; css=&#8221;.vc_custom_1635847663811{padding-top: 150px !important;padding-bottom: 150px !important;}&#8221; z_index=&#8221;&#8221;][vc_column][vc_row_inner row_type=&#8221;row&#8221; type=&#8221;grid&#8221; text_align=&#8221;left&#8221; css_animation=&#8221;&#8221;][vc_column_inner width=&#8221;1\/6&#8243;][\/vc_column_inner][vc_column_inner width=&#8221;2\/3&#8243;][vc_single_image image=&#8221;21069&#8243; img_size=&#8221;medium&#8221; alignment=&#8221;center&#8221; qode_css_animation=&#8221;&#8221; css=&#8221;.vc_custom_1629813852915{margin-bottom: 30px !important;}&#8221;][vc_column_text] Nevoile clien\u021bilor stau la baza muncii noastre [\/vc_column_text][vc_separator type=&#8221;small&#8221; position=&#8221;center&#8221; up=&#8221;26&#8243; down=&#8221;26&#8243; thickness=&#8221;5px&#8221;][\/vc_column_inner][vc_column_inner width=&#8221;1\/6&#8243;][\/vc_column_inner][\/vc_row_inner][\/vc_column][\/vc_row][vc_row css_animation=&#8221;&#8221; row_type=&#8221;row&#8221; use_row_as_full_screen_section=&#8221;no&#8221;...\" \/>\n<meta property=\"og:url\" content=\"https:\/\/www.omeps.it\/ro\/proiectare\/\" \/>\n<meta property=\"og:site_name\" content=\"O.ME.P.S. Silotrailers\" \/>\n<meta property=\"article:publisher\" content=\"https:\/\/www.facebook.com\/OMEPS.Italy\/\" \/>\n<meta property=\"article:modified_time\" content=\"2023-01-12T14:57:20+00:00\" \/>\n<meta name=\"twitter:card\" content=\"summary_large_image\" \/>\n<meta name=\"twitter:label1\" content=\"Timp estimat pentru citire\" \/>\n\t<meta name=\"twitter:data1\" content=\"4 minute\" \/>\n<script type=\"application\/ld+json\" class=\"yoast-schema-graph\">{\"@context\":\"https:\/\/schema.org\",\"@graph\":[{\"@type\":\"WebPage\",\"@id\":\"https:\/\/www.omeps.it\/ro\/proiectare\/\",\"url\":\"https:\/\/www.omeps.it\/ro\/proiectare\/\",\"name\":\"Proiectare - O.ME.P.S. Silotrailers\",\"isPartOf\":{\"@id\":\"https:\/\/www.omeps.it\/ro\/#website\"},\"datePublished\":\"2023-01-12T14:57:19+00:00\",\"dateModified\":\"2023-01-12T14:57:20+00:00\",\"breadcrumb\":{\"@id\":\"https:\/\/www.omeps.it\/ro\/proiectare\/#breadcrumb\"},\"inLanguage\":\"ro-RO\",\"potentialAction\":[{\"@type\":\"ReadAction\",\"target\":[\"https:\/\/www.omeps.it\/ro\/proiectare\/\"]}]},{\"@type\":\"BreadcrumbList\",\"@id\":\"https:\/\/www.omeps.it\/ro\/proiectare\/#breadcrumb\",\"itemListElement\":[{\"@type\":\"ListItem\",\"position\":1,\"name\":\"Home\",\"item\":\"https:\/\/www.omeps.it\/ro\/\"},{\"@type\":\"ListItem\",\"position\":2,\"name\":\"Proiectare\"}]},{\"@type\":\"WebSite\",\"@id\":\"https:\/\/www.omeps.it\/ro\/#website\",\"url\":\"https:\/\/www.omeps.it\/ro\/\",\"name\":\"O.ME.P.S. Silotrailers\",\"description\":\"\",\"publisher\":{\"@id\":\"https:\/\/www.omeps.it\/ro\/#organization\"},\"potentialAction\":[{\"@type\":\"SearchAction\",\"target\":{\"@type\":\"EntryPoint\",\"urlTemplate\":\"https:\/\/www.omeps.it\/ro\/?s={search_term_string}\"},\"query-input\":\"required name=search_term_string\"}],\"inLanguage\":\"ro-RO\"},{\"@type\":\"Organization\",\"@id\":\"https:\/\/www.omeps.it\/ro\/#organization\",\"name\":\"O.ME.P.S. Srl\",\"url\":\"https:\/\/www.omeps.it\/ro\/\",\"logo\":{\"@type\":\"ImageObject\",\"inLanguage\":\"ro-RO\",\"@id\":\"https:\/\/www.omeps.it\/ro\/#\/schema\/logo\/image\/\",\"url\":\"https:\/\/www.omeps.it\/wp-content\/uploads\/2017\/05\/logo-lg.png\",\"contentUrl\":\"https:\/\/www.omeps.it\/wp-content\/uploads\/2017\/05\/logo-lg.png\",\"width\":255,\"height\":85,\"caption\":\"O.ME.P.S. Srl\"},\"image\":{\"@id\":\"https:\/\/www.omeps.it\/ro\/#\/schema\/logo\/image\/\"},\"sameAs\":[\"https:\/\/www.facebook.com\/OMEPS.Italy\/\"]}]}<\/script>\n<!-- \/ Yoast SEO plugin. -->","yoast_head_json":{"title":"Proiectare - O.ME.P.S. Silotrailers","robots":{"index":"index","follow":"follow","max-snippet":"max-snippet:-1","max-image-preview":"max-image-preview:large","max-video-preview":"max-video-preview:-1"},"canonical":"https:\/\/www.omeps.it\/ro\/proiectare\/","og_locale":"ro_RO","og_type":"article","og_title":"Proiectare - O.ME.P.S. Silotrailers","og_description":"[vc_row css_animation=&#8221;&#8221; row_type=&#8221;row&#8221; use_row_as_full_screen_section=&#8221;no&#8221; type=&#8221;full_width&#8221; angled_section=&#8221;no&#8221; text_align=&#8221;center&#8221; background_image_as_pattern=&#8221;without_pattern&#8221; background_image=&#8221;18829&#8243; css=&#8221;.vc_custom_1635847663811{padding-top: 150px !important;padding-bottom: 150px !important;}&#8221; z_index=&#8221;&#8221;][vc_column][vc_row_inner row_type=&#8221;row&#8221; type=&#8221;grid&#8221; text_align=&#8221;left&#8221; css_animation=&#8221;&#8221;][vc_column_inner width=&#8221;1\/6&#8243;][\/vc_column_inner][vc_column_inner width=&#8221;2\/3&#8243;][vc_single_image image=&#8221;21069&#8243; img_size=&#8221;medium&#8221; alignment=&#8221;center&#8221; qode_css_animation=&#8221;&#8221; css=&#8221;.vc_custom_1629813852915{margin-bottom: 30px !important;}&#8221;][vc_column_text] Nevoile clien\u021bilor stau la baza muncii noastre [\/vc_column_text][vc_separator type=&#8221;small&#8221; position=&#8221;center&#8221; up=&#8221;26&#8243; down=&#8221;26&#8243; thickness=&#8221;5px&#8221;][\/vc_column_inner][vc_column_inner width=&#8221;1\/6&#8243;][\/vc_column_inner][\/vc_row_inner][\/vc_column][\/vc_row][vc_row css_animation=&#8221;&#8221; row_type=&#8221;row&#8221; use_row_as_full_screen_section=&#8221;no&#8221;...","og_url":"https:\/\/www.omeps.it\/ro\/proiectare\/","og_site_name":"O.ME.P.S. Silotrailers","article_publisher":"https:\/\/www.facebook.com\/OMEPS.Italy\/","article_modified_time":"2023-01-12T14:57:20+00:00","twitter_card":"summary_large_image","twitter_misc":{"Timp estimat pentru citire":"4 minute"},"schema":{"@context":"https:\/\/schema.org","@graph":[{"@type":"WebPage","@id":"https:\/\/www.omeps.it\/ro\/proiectare\/","url":"https:\/\/www.omeps.it\/ro\/proiectare\/","name":"Proiectare - O.ME.P.S. Silotrailers","isPartOf":{"@id":"https:\/\/www.omeps.it\/ro\/#website"},"datePublished":"2023-01-12T14:57:19+00:00","dateModified":"2023-01-12T14:57:20+00:00","breadcrumb":{"@id":"https:\/\/www.omeps.it\/ro\/proiectare\/#breadcrumb"},"inLanguage":"ro-RO","potentialAction":[{"@type":"ReadAction","target":["https:\/\/www.omeps.it\/ro\/proiectare\/"]}]},{"@type":"BreadcrumbList","@id":"https:\/\/www.omeps.it\/ro\/proiectare\/#breadcrumb","itemListElement":[{"@type":"ListItem","position":1,"name":"Home","item":"https:\/\/www.omeps.it\/ro\/"},{"@type":"ListItem","position":2,"name":"Proiectare"}]},{"@type":"WebSite","@id":"https:\/\/www.omeps.it\/ro\/#website","url":"https:\/\/www.omeps.it\/ro\/","name":"O.ME.P.S. Silotrailers","description":"","publisher":{"@id":"https:\/\/www.omeps.it\/ro\/#organization"},"potentialAction":[{"@type":"SearchAction","target":{"@type":"EntryPoint","urlTemplate":"https:\/\/www.omeps.it\/ro\/?s={search_term_string}"},"query-input":"required name=search_term_string"}],"inLanguage":"ro-RO"},{"@type":"Organization","@id":"https:\/\/www.omeps.it\/ro\/#organization","name":"O.ME.P.S. Srl","url":"https:\/\/www.omeps.it\/ro\/","logo":{"@type":"ImageObject","inLanguage":"ro-RO","@id":"https:\/\/www.omeps.it\/ro\/#\/schema\/logo\/image\/","url":"https:\/\/www.omeps.it\/wp-content\/uploads\/2017\/05\/logo-lg.png","contentUrl":"https:\/\/www.omeps.it\/wp-content\/uploads\/2017\/05\/logo-lg.png","width":255,"height":85,"caption":"O.ME.P.S. Srl"},"image":{"@id":"https:\/\/www.omeps.it\/ro\/#\/schema\/logo\/image\/"},"sameAs":["https:\/\/www.facebook.com\/OMEPS.Italy\/"]}]}},"_links":{"self":[{"href":"https:\/\/www.omeps.it\/ro\/wp-json\/wp\/v2\/pages\/21338"}],"collection":[{"href":"https:\/\/www.omeps.it\/ro\/wp-json\/wp\/v2\/pages"}],"about":[{"href":"https:\/\/www.omeps.it\/ro\/wp-json\/wp\/v2\/types\/page"}],"author":[{"embeddable":true,"href":"https:\/\/www.omeps.it\/ro\/wp-json\/wp\/v2\/users\/3"}],"replies":[{"embeddable":true,"href":"https:\/\/www.omeps.it\/ro\/wp-json\/wp\/v2\/comments?post=21338"}],"version-history":[{"count":3,"href":"https:\/\/www.omeps.it\/ro\/wp-json\/wp\/v2\/pages\/21338\/revisions"}],"predecessor-version":[{"id":21341,"href":"https:\/\/www.omeps.it\/ro\/wp-json\/wp\/v2\/pages\/21338\/revisions\/21341"}],"wp:attachment":[{"href":"https:\/\/www.omeps.it\/ro\/wp-json\/wp\/v2\/media?parent=21338"}],"curies":[{"name":"wp","href":"https:\/\/api.w.org\/{rel}","templated":true}]}}