{"id":21330,"date":"2023-01-12T15:42:42","date_gmt":"2023-01-12T14:42:42","guid":{"rendered":"https:\/\/www.omeps.it\/?page_id=21330"},"modified":"2023-01-12T15:42:44","modified_gmt":"2023-01-12T14:42:44","slug":"despre-noi","status":"publish","type":"page","link":"https:\/\/www.omeps.it\/ro\/despre-noi\/","title":{"rendered":"Despre noi"},"content":{"rendered":"<section class=\"wpb-content-wrapper\"><p>[vc_row css_animation=&#8221;&#8221; row_type=&#8221;row&#8221; use_row_as_full_screen_section=&#8221;no&#8221; type=&#8221;full_width&#8221; angled_section=&#8221;no&#8221; text_align=&#8221;center&#8221; background_image_as_pattern=&#8221;without_pattern&#8221; background_image=&#8221;18810&#8243; css=&#8221;.vc_custom_1635844566299{padding-top: 150px !important;padding-bottom: 150px !important;}&#8221; z_index=&#8221;&#8221;][vc_column][vc_row_inner row_type=&#8221;row&#8221; type=&#8221;grid&#8221; text_align=&#8221;left&#8221; css_animation=&#8221;&#8221;][vc_column_inner width=&#8221;1\/6&#8243;][\/vc_column_inner][vc_column_inner width=&#8221;2\/3&#8243;][vc_single_image image=&#8221;21069&#8243; img_size=&#8221;medium&#8221; alignment=&#8221;center&#8221; qode_css_animation=&#8221;&#8221; css=&#8221;.vc_custom_1629813852915{margin-bottom: 30px !important;}&#8221;][vc_column_text]<\/p>\n<h1 style=\"text-align: center; color: #fff;\">O poveste despre tenacitate, \u00eendem\u00e2nare \u0219i inova\u021bie<\/h1>\n<p>[\/vc_column_text][vc_separator type=&#8221;small&#8221; position=&#8221;center&#8221; up=&#8221;26&#8243; down=&#8221;26&#8243; thickness=&#8221;5px&#8221;][\/vc_column_inner][vc_column_inner width=&#8221;1\/6&#8243;][\/vc_column_inner][\/vc_row_inner][\/vc_column][\/vc_row][vc_row css_animation=&#8221;&#8221; row_type=&#8221;row&#8221; use_row_as_full_screen_section=&#8221;no&#8221; type=&#8221;grid&#8221; angled_section=&#8221;no&#8221; text_align=&#8221;left&#8221; background_image_as_pattern=&#8221;without_pattern&#8221; padding_top=&#8221;88&#8243; padding_bottom=&#8221;75&#8243;][vc_column width=&#8221;1\/2&#8243;][vc_video link=&#8221;https:\/\/www.youtube.com\/watch?v=zW3gX8_vseA&#8221;][\/vc_column][vc_column width=&#8221;1\/2&#8243;][vc_column_text]<\/p>\n<h3>O.ME.P.S. Silotrailere<\/h3>\n<p>[\/vc_column_text][vc_separator type=&#8221;small&#8221; position=&#8221;left&#8221; up=&#8221;26&#8243; down=&#8221;26&#8243; thickness=&#8221;3px&#8221;][vc_column_text]Marca noastr\u0103 a fost v\u0103zut\u0103 pe autostr\u0103zile \u0219i str\u0103zile lumii \u00eenc\u0103 din 1999. C\u0103l\u0103toria care a \u00eenceput \u00een sudul Italiei traverseaz\u0103 ast\u0103zi toate cele cinci continente. O companie care se bazeaz\u0103 \u00een totalitate pe cercetare, calitate \u0219i viitor. O marc\u0103 comercial\u0103 care este sinonim\u0103 cu fiabilitatea \u00een domeniul transporturilor.<\/p>\n<p>Acesta este\u00a0<strong>O.ME.P.S.<\/strong><\/p>\n<p>\u0218i mai presus de toate, ace\u0219tia suntem noi. Pentru c\u0103 munca noastr\u0103 este mai mult dec\u00e2t un loc de munc\u0103, este un proiect, un vis. Pentru c\u0103 o parte dintre noi c\u0103l\u0103toresc cu m\u00e2ndrie cu brandul nostru \u0219i pentru c\u0103 nu avem nicio inten\u021bie s\u0103 ne oprim[\/vc_column_text][vc_separator type=&#8221;transparent&#8221; up=&#8221;25&#8243; down=&#8221;0&#8243;][\/vc_column][\/vc_row][vc_row css_animation=&#8221;&#8221; row_type=&#8221;row&#8221; use_row_as_full_screen_section=&#8221;no&#8221; type=&#8221;full_width&#8221; angled_section=&#8221;no&#8221; text_align=&#8221;left&#8221; background_image_as_pattern=&#8221;without_pattern&#8221; z_index=&#8221;&#8221;][vc_column][vc_single_image image=&#8221;21283&#8243; img_size=&#8221;full&#8221; alignment=&#8221;center&#8221; qode_css_animation=&#8221;&#8221;][\/vc_column][\/vc_row][vc_row css_animation=&#8221;&#8221; row_type=&#8221;row&#8221; use_row_as_full_screen_section=&#8221;no&#8221; type=&#8221;grid&#8221; angled_section=&#8221;no&#8221; text_align=&#8221;left&#8221; background_image_as_pattern=&#8221;without_pattern&#8221; padding_top=&#8221;88&#8243; padding_bottom=&#8221;75&#8243; css=&#8221;.vc_custom_1629971084843{background-color: #f7f7f7 !important;}&#8221; z_index=&#8221;&#8221;][vc_column width=&#8221;1\/2&#8243;][vc_column_text]<\/p>\n<div class=\"wpb_text_column wpb_content_element \">\n<div class=\"wpb_wrapper\">\n<h3>Istoria companiei<\/h3>\n<\/div>\n<\/div>\n<p>[\/vc_column_text][vc_separator type=&#8221;small&#8221; position=&#8221;left&#8221; up=&#8221;26&#8243; down=&#8221;26&#8243; thickness=&#8221;3px&#8221;][vc_column_text]<\/p>\n<div class=\"wpb_text_column wpb_content_element \">\n<div class=\"wpb_wrapper\">\n<p>Povestea unei companii de foarte multe ori corespunde cu povestea unei persoane:\u00a0<strong>Vincenzo Munzio<\/strong>, care de mic a dezvoltat o pasiune pentru autovehicule \u0219i a transformat-o \u00een meseria sa \u00een domeniul repara\u021biilor \u0219i pieselor de schimb. Competen\u021ba tehnic\u0103 st\u0103 la baz\u0103, dar\u00a0<strong>curajul<\/strong>\u00a0te duce \u00een top. F\u0103r\u0103 \u00eendoial\u0103, cu vreo dou\u0103zeci de ani \u00een urm\u0103, domnul Munzio, (fondatorul \u0219i CEO-ul O.ME.P.S.), avea nevoie de mult curaj pentru a trece de la un centru de service la o fabric\u0103 de produc\u021bie de silotrailere pentru transportul de produse pulverulente uscate \u00een vrac \u0219i granulate.<\/p>\n<p>Istoria O.ME.P.S. este de asemenea \u0219i o poveste de\u00a0<strong>loialitate \u0219i prietenie.\u00a0<\/strong>De fapt, \u00een spatele istoriei sale de dou\u0103zeci de ani, ve\u021bi g\u0103si aceea\u0219i echip\u0103 de peste patruzeci de ani. Majoritatea tehnicienilor \u0219i lucr\u0103torilor angaja\u021bi \u00een prezent \u00een O.ME.P.S. sunt aceia\u0219i oameni cu care domnul Munzio \u0219i-a atins scopul de a deveni proprietarul unei companii\u00a0<strong>puternice, stabile \u0219i s\u0103n\u0103toase financiar.<\/strong><\/p>\n<\/div>\n<\/div>\n<p>[\/vc_column_text][vc_separator type=&#8221;transparent&#8221; up=&#8221;25&#8243; down=&#8221;0&#8243;][\/vc_column][vc_column width=&#8221;1\/2&#8243;][vc_single_image image=&#8221;20721&#8243; img_size=&#8221;300&#215;300&#8243; alignment=&#8221;center&#8221; style=&#8221;vc_box_shadow_circle_2&#8243; qode_css_animation=&#8221;element_from_fade&#8221; transition_delay=&#8221;0.2&#8243; css=&#8221;.vc_custom_1629971183648{margin-top: 50px !important;}&#8221;][\/vc_column][\/vc_row][vc_row row_type=&#8221;parallax&#8221; parallax_content_width=&#8221;full_width&#8221; text_align=&#8221;left&#8221; full_screen_section_height=&#8221;no&#8221; background_image=&#8221;18855&#8243; section_height=&#8221;600&#8243; parallax_speed=&#8221;1.5&#8243;][vc_column][\/vc_column][\/vc_row][vc_row css_animation=&#8221;&#8221; row_type=&#8221;row&#8221; use_row_as_full_screen_section=&#8221;no&#8221; type=&#8221;full_width&#8221; angled_section=&#8221;no&#8221; text_align=&#8221;left&#8221; background_image_as_pattern=&#8221;without_pattern&#8221; z_index=&#8221;&#8221; background_image=&#8221;16888&#8243; padding_top=&#8221;300px&#8221; padding_bottom=&#8221;300px&#8221; css=&#8221;.vc_custom_1631722129501{padding-top: 100px !important;padding-bottom: 100px !important;}&#8221;][vc_column][vc_column_text]<\/p>\n<h3 style=\"text-align: center; color: #fff;\">Principalele caracteristici ale O.ME.P.S. silotrailer<\/h3>\n<p>[\/vc_column_text][vc_separator type=&#8221;small&#8221; position=&#8221;center&#8221; up=&#8221;26&#8243; down=&#8221;26&#8243;][vc_row_inner row_type=&#8221;row&#8221; type=&#8221;grid&#8221; text_align=&#8221;left&#8221; css_animation=&#8221;&#8221;][vc_column_inner el_class=&#8221;card&#8221; width=&#8221;1\/2&#8243; css=&#8221;.vc_custom_1636540825150{margin-right: 10px !important;margin-bottom: 35px !important;padding-right: 10% !important;padding-bottom: 30px !important;padding-left: 10% !important;background-color: #ffffff !important;border-radius: 10px !important;}&#8221;][vc_column_text]<\/p>\n<div class=\"wpb_text_column wpb_content_element \">\n<div class=\"wpb_wrapper\">\n<h4 style=\"text-align: center;\">Lejeritate<\/h4>\n<\/div>\n<\/div>\n<p>[\/vc_column_text][vc_separator type=&#8221;small&#8221; position=&#8221;center&#8221; up=&#8221;26&#8243; down=&#8221;26&#8243;][vc_column_text]<\/p>\n<p style=\"text-align: center;\">O.ME.P.S. folose\u0219te exclusiv aliaje u\u0219oare pentru vehiculele sale. Acest lucru a ajutat la reducerea greut\u0103\u021bii \u0219i la cre\u0219terea sarcinii utile: contrapartida care a convins pia\u021ba \u0219i a lansat marca O.ME.P.S. \u00een toat\u0103 lumea.<\/p>\n<p>[\/vc_column_text][vc_empty_space height=&#8221;25px&#8221;][\/vc_column_inner][vc_column_inner el_class=&#8221;card&#8221; width=&#8221;1\/2&#8243; css=&#8221;.vc_custom_1636540829987{padding-right: 10% !important;padding-bottom: 30px !important;padding-left: 10% !important;background-color: #ffffff !important;border-radius: 10px !important;}&#8221;][vc_column_text]<\/p>\n<h4 style=\"text-align: center;\">Estetic\u0103<\/h4>\n<p>[\/vc_column_text][vc_separator type=&#8221;small&#8221; position=&#8221;center&#8221; up=&#8221;26&#8243; down=&#8221;26&#8243;][vc_column_text]<\/p>\n<p style=\"text-align: center;\">Foarte important este rolul frumuse\u021bii, care nu se reduce doar la aspectul s\u0103u exterior: este frumuse\u021bea care se traduce prin design superior \u0219i \u00eembun\u0103t\u0103\u021bire aerodinamic\u0103, pentru a oferi clientului adev\u0103rate<strong> bijuterii de tehnologie \u0219i inova\u021bie.\u00a0<\/strong>Silotrailerele O.ME.P.S. pot fi de asemenea personalizate si decorate dupa dorin\u021bele clientului.<\/p>\n<p>[\/vc_column_text][\/vc_column_inner][\/vc_row_inner][\/vc_column][\/vc_row]<\/p>\n<\/section>","protected":false},"excerpt":{"rendered":"<p>[vc_row css_animation=&#8221;&#8221; row_type=&#8221;row&#8221; use_row_as_full_screen_section=&#8221;no&#8221; type=&#8221;full_width&#8221; angled_section=&#8221;no&#8221; text_align=&#8221;center&#8221; background_image_as_pattern=&#8221;without_pattern&#8221; background_image=&#8221;18810&#8243; css=&#8221;.vc_custom_1635844566299{padding-top: 150px !important;padding-bottom: 150px !important;}&#8221; z_index=&#8221;&#8221;][vc_column][vc_row_inner row_type=&#8221;row&#8221; type=&#8221;grid&#8221; text_align=&#8221;left&#8221; css_animation=&#8221;&#8221;][vc_column_inner width=&#8221;1\/6&#8243;][\/vc_column_inner][vc_column_inner width=&#8221;2\/3&#8243;][vc_single_image image=&#8221;21069&#8243; img_size=&#8221;medium&#8221; alignment=&#8221;center&#8221; qode_css_animation=&#8221;&#8221; css=&#8221;.vc_custom_1629813852915{margin-bottom: 30px !important;}&#8221;][vc_column_text] O poveste despre tenacitate, \u00eendem\u00e2nare \u0219i inova\u021bie [\/vc_column_text][vc_separator type=&#8221;small&#8221; position=&#8221;center&#8221; up=&#8221;26&#8243; down=&#8221;26&#8243; thickness=&#8221;5px&#8221;][\/vc_column_inner][vc_column_inner width=&#8221;1\/6&#8243;][\/vc_column_inner][\/vc_row_inner][\/vc_column][\/vc_row][vc_row css_animation=&#8221;&#8221; row_type=&#8221;row&#8221; use_row_as_full_screen_section=&#8221;no&#8221;&#8230;<\/p>\n","protected":false},"author":3,"featured_media":19725,"parent":0,"menu_order":0,"comment_status":"closed","ping_status":"closed","template":"full_width.php","meta":{"_vp_format_video_url":"","_vp_image_focal_point":[]},"yoast_head":"<!-- This site is optimized with the Yoast SEO plugin v20.7 - https:\/\/yoast.com\/wordpress\/plugins\/seo\/ -->\n<title>Despre noi - O.ME.P.S. Silotrailers<\/title>\n<meta name=\"robots\" content=\"index, follow, max-snippet:-1, max-image-preview:large, max-video-preview:-1\" \/>\n<link rel=\"canonical\" href=\"https:\/\/www.omeps.it\/ro\/despre-noi\/\" \/>\n<meta property=\"og:locale\" content=\"ro_RO\" \/>\n<meta property=\"og:type\" content=\"article\" \/>\n<meta property=\"og:title\" content=\"Despre noi - O.ME.P.S. Silotrailers\" \/>\n<meta property=\"og:description\" content=\"[vc_row css_animation=&#8221;&#8221; row_type=&#8221;row&#8221; use_row_as_full_screen_section=&#8221;no&#8221; type=&#8221;full_width&#8221; angled_section=&#8221;no&#8221; text_align=&#8221;center&#8221; background_image_as_pattern=&#8221;without_pattern&#8221; background_image=&#8221;18810&#8243; css=&#8221;.vc_custom_1635844566299{padding-top: 150px !important;padding-bottom: 150px !important;}&#8221; z_index=&#8221;&#8221;][vc_column][vc_row_inner row_type=&#8221;row&#8221; type=&#8221;grid&#8221; text_align=&#8221;left&#8221; css_animation=&#8221;&#8221;][vc_column_inner width=&#8221;1\/6&#8243;][\/vc_column_inner][vc_column_inner width=&#8221;2\/3&#8243;][vc_single_image image=&#8221;21069&#8243; img_size=&#8221;medium&#8221; alignment=&#8221;center&#8221; qode_css_animation=&#8221;&#8221; css=&#8221;.vc_custom_1629813852915{margin-bottom: 30px !important;}&#8221;][vc_column_text] O poveste despre tenacitate, \u00eendem\u00e2nare \u0219i inova\u021bie [\/vc_column_text][vc_separator type=&#8221;small&#8221; position=&#8221;center&#8221; up=&#8221;26&#8243; down=&#8221;26&#8243; thickness=&#8221;5px&#8221;][\/vc_column_inner][vc_column_inner width=&#8221;1\/6&#8243;][\/vc_column_inner][\/vc_row_inner][\/vc_column][\/vc_row][vc_row css_animation=&#8221;&#8221; row_type=&#8221;row&#8221; use_row_as_full_screen_section=&#8221;no&#8221;...\" \/>\n<meta property=\"og:url\" content=\"https:\/\/www.omeps.it\/ro\/despre-noi\/\" \/>\n<meta property=\"og:site_name\" content=\"O.ME.P.S. Silotrailers\" \/>\n<meta property=\"article:publisher\" content=\"https:\/\/www.facebook.com\/OMEPS.Italy\/\" \/>\n<meta property=\"article:modified_time\" content=\"2023-01-12T14:42:44+00:00\" \/>\n<meta property=\"og:image\" content=\"https:\/\/www.omeps.it\/wp-content\/uploads\/2017\/05\/azienda_cover-x.jpg\" \/>\n\t<meta property=\"og:image:width\" content=\"1281\" \/>\n\t<meta property=\"og:image:height\" content=\"479\" \/>\n\t<meta property=\"og:image:type\" content=\"image\/jpeg\" \/>\n<meta name=\"twitter:card\" content=\"summary_large_image\" \/>\n<meta name=\"twitter:label1\" content=\"Timp estimat pentru citire\" \/>\n\t<meta name=\"twitter:data1\" content=\"5 minute\" \/>\n<script type=\"application\/ld+json\" class=\"yoast-schema-graph\">{\"@context\":\"https:\/\/schema.org\",\"@graph\":[{\"@type\":\"WebPage\",\"@id\":\"https:\/\/www.omeps.it\/ro\/despre-noi\/\",\"url\":\"https:\/\/www.omeps.it\/ro\/despre-noi\/\",\"name\":\"Despre noi - O.ME.P.S. Silotrailers\",\"isPartOf\":{\"@id\":\"https:\/\/www.omeps.it\/ro\/#website\"},\"datePublished\":\"2023-01-12T14:42:42+00:00\",\"dateModified\":\"2023-01-12T14:42:44+00:00\",\"breadcrumb\":{\"@id\":\"https:\/\/www.omeps.it\/ro\/despre-noi\/#breadcrumb\"},\"inLanguage\":\"ro-RO\",\"potentialAction\":[{\"@type\":\"ReadAction\",\"target\":[\"https:\/\/www.omeps.it\/ro\/despre-noi\/\"]}]},{\"@type\":\"BreadcrumbList\",\"@id\":\"https:\/\/www.omeps.it\/ro\/despre-noi\/#breadcrumb\",\"itemListElement\":[{\"@type\":\"ListItem\",\"position\":1,\"name\":\"Home\",\"item\":\"https:\/\/www.omeps.it\/ro\/\"},{\"@type\":\"ListItem\",\"position\":2,\"name\":\"Despre noi\"}]},{\"@type\":\"WebSite\",\"@id\":\"https:\/\/www.omeps.it\/ro\/#website\",\"url\":\"https:\/\/www.omeps.it\/ro\/\",\"name\":\"O.ME.P.S. Silotrailers\",\"description\":\"\",\"publisher\":{\"@id\":\"https:\/\/www.omeps.it\/ro\/#organization\"},\"potentialAction\":[{\"@type\":\"SearchAction\",\"target\":{\"@type\":\"EntryPoint\",\"urlTemplate\":\"https:\/\/www.omeps.it\/ro\/?s={search_term_string}\"},\"query-input\":\"required name=search_term_string\"}],\"inLanguage\":\"ro-RO\"},{\"@type\":\"Organization\",\"@id\":\"https:\/\/www.omeps.it\/ro\/#organization\",\"name\":\"O.ME.P.S. Srl\",\"url\":\"https:\/\/www.omeps.it\/ro\/\",\"logo\":{\"@type\":\"ImageObject\",\"inLanguage\":\"ro-RO\",\"@id\":\"https:\/\/www.omeps.it\/ro\/#\/schema\/logo\/image\/\",\"url\":\"https:\/\/www.omeps.it\/wp-content\/uploads\/2017\/05\/logo-lg.png\",\"contentUrl\":\"https:\/\/www.omeps.it\/wp-content\/uploads\/2017\/05\/logo-lg.png\",\"width\":255,\"height\":85,\"caption\":\"O.ME.P.S. Srl\"},\"image\":{\"@id\":\"https:\/\/www.omeps.it\/ro\/#\/schema\/logo\/image\/\"},\"sameAs\":[\"https:\/\/www.facebook.com\/OMEPS.Italy\/\"]}]}<\/script>\n<!-- \/ Yoast SEO plugin. -->","yoast_head_json":{"title":"Despre noi - O.ME.P.S. Silotrailers","robots":{"index":"index","follow":"follow","max-snippet":"max-snippet:-1","max-image-preview":"max-image-preview:large","max-video-preview":"max-video-preview:-1"},"canonical":"https:\/\/www.omeps.it\/ro\/despre-noi\/","og_locale":"ro_RO","og_type":"article","og_title":"Despre noi - O.ME.P.S. Silotrailers","og_description":"[vc_row css_animation=&#8221;&#8221; row_type=&#8221;row&#8221; use_row_as_full_screen_section=&#8221;no&#8221; type=&#8221;full_width&#8221; angled_section=&#8221;no&#8221; text_align=&#8221;center&#8221; background_image_as_pattern=&#8221;without_pattern&#8221; background_image=&#8221;18810&#8243; css=&#8221;.vc_custom_1635844566299{padding-top: 150px !important;padding-bottom: 150px !important;}&#8221; z_index=&#8221;&#8221;][vc_column][vc_row_inner row_type=&#8221;row&#8221; type=&#8221;grid&#8221; text_align=&#8221;left&#8221; css_animation=&#8221;&#8221;][vc_column_inner width=&#8221;1\/6&#8243;][\/vc_column_inner][vc_column_inner width=&#8221;2\/3&#8243;][vc_single_image image=&#8221;21069&#8243; img_size=&#8221;medium&#8221; alignment=&#8221;center&#8221; qode_css_animation=&#8221;&#8221; css=&#8221;.vc_custom_1629813852915{margin-bottom: 30px !important;}&#8221;][vc_column_text] O poveste despre tenacitate, \u00eendem\u00e2nare \u0219i inova\u021bie [\/vc_column_text][vc_separator type=&#8221;small&#8221; position=&#8221;center&#8221; up=&#8221;26&#8243; down=&#8221;26&#8243; thickness=&#8221;5px&#8221;][\/vc_column_inner][vc_column_inner width=&#8221;1\/6&#8243;][\/vc_column_inner][\/vc_row_inner][\/vc_column][\/vc_row][vc_row css_animation=&#8221;&#8221; row_type=&#8221;row&#8221; use_row_as_full_screen_section=&#8221;no&#8221;...","og_url":"https:\/\/www.omeps.it\/ro\/despre-noi\/","og_site_name":"O.ME.P.S. Silotrailers","article_publisher":"https:\/\/www.facebook.com\/OMEPS.Italy\/","article_modified_time":"2023-01-12T14:42:44+00:00","og_image":[{"width":1281,"height":479,"url":"https:\/\/www.omeps.it\/wp-content\/uploads\/2017\/05\/azienda_cover-x.jpg","type":"image\/jpeg"}],"twitter_card":"summary_large_image","twitter_misc":{"Timp estimat pentru citire":"5 minute"},"schema":{"@context":"https:\/\/schema.org","@graph":[{"@type":"WebPage","@id":"https:\/\/www.omeps.it\/ro\/despre-noi\/","url":"https:\/\/www.omeps.it\/ro\/despre-noi\/","name":"Despre noi - O.ME.P.S. Silotrailers","isPartOf":{"@id":"https:\/\/www.omeps.it\/ro\/#website"},"datePublished":"2023-01-12T14:42:42+00:00","dateModified":"2023-01-12T14:42:44+00:00","breadcrumb":{"@id":"https:\/\/www.omeps.it\/ro\/despre-noi\/#breadcrumb"},"inLanguage":"ro-RO","potentialAction":[{"@type":"ReadAction","target":["https:\/\/www.omeps.it\/ro\/despre-noi\/"]}]},{"@type":"BreadcrumbList","@id":"https:\/\/www.omeps.it\/ro\/despre-noi\/#breadcrumb","itemListElement":[{"@type":"ListItem","position":1,"name":"Home","item":"https:\/\/www.omeps.it\/ro\/"},{"@type":"ListItem","position":2,"name":"Despre noi"}]},{"@type":"WebSite","@id":"https:\/\/www.omeps.it\/ro\/#website","url":"https:\/\/www.omeps.it\/ro\/","name":"O.ME.P.S. Silotrailers","description":"","publisher":{"@id":"https:\/\/www.omeps.it\/ro\/#organization"},"potentialAction":[{"@type":"SearchAction","target":{"@type":"EntryPoint","urlTemplate":"https:\/\/www.omeps.it\/ro\/?s={search_term_string}"},"query-input":"required name=search_term_string"}],"inLanguage":"ro-RO"},{"@type":"Organization","@id":"https:\/\/www.omeps.it\/ro\/#organization","name":"O.ME.P.S. Srl","url":"https:\/\/www.omeps.it\/ro\/","logo":{"@type":"ImageObject","inLanguage":"ro-RO","@id":"https:\/\/www.omeps.it\/ro\/#\/schema\/logo\/image\/","url":"https:\/\/www.omeps.it\/wp-content\/uploads\/2017\/05\/logo-lg.png","contentUrl":"https:\/\/www.omeps.it\/wp-content\/uploads\/2017\/05\/logo-lg.png","width":255,"height":85,"caption":"O.ME.P.S. Srl"},"image":{"@id":"https:\/\/www.omeps.it\/ro\/#\/schema\/logo\/image\/"},"sameAs":["https:\/\/www.facebook.com\/OMEPS.Italy\/"]}]}},"_links":{"self":[{"href":"https:\/\/www.omeps.it\/ro\/wp-json\/wp\/v2\/pages\/21330"}],"collection":[{"href":"https:\/\/www.omeps.it\/ro\/wp-json\/wp\/v2\/pages"}],"about":[{"href":"https:\/\/www.omeps.it\/ro\/wp-json\/wp\/v2\/types\/page"}],"author":[{"embeddable":true,"href":"https:\/\/www.omeps.it\/ro\/wp-json\/wp\/v2\/users\/3"}],"replies":[{"embeddable":true,"href":"https:\/\/www.omeps.it\/ro\/wp-json\/wp\/v2\/comments?post=21330"}],"version-history":[{"count":2,"href":"https:\/\/www.omeps.it\/ro\/wp-json\/wp\/v2\/pages\/21330\/revisions"}],"predecessor-version":[{"id":21332,"href":"https:\/\/www.omeps.it\/ro\/wp-json\/wp\/v2\/pages\/21330\/revisions\/21332"}],"wp:featuredmedia":[{"embeddable":true,"href":"https:\/\/www.omeps.it\/ro\/wp-json\/wp\/v2\/media\/19725"}],"wp:attachment":[{"href":"https:\/\/www.omeps.it\/ro\/wp-json\/wp\/v2\/media?parent=21330"}],"curies":[{"name":"wp","href":"https:\/\/api.w.org\/{rel}","templated":true}]}}