{"id":429,"date":"2017-05-04T18:44:43","date_gmt":"2017-05-04T16:44:43","guid":{"rendered":"https:\/\/www.omeps.it\/?page_id=429"},"modified":"2022-11-16T12:42:59","modified_gmt":"2022-11-16T11:42:59","slug":"enterprise","status":"publish","type":"page","link":"https:\/\/www.omeps.it\/fr\/enterprise\/","title":{"rendered":"Enterprise"},"content":{"rendered":"<section class=\"wpb-content-wrapper\"><p>[vc_row css_animation=\u00a0\u00bb\u00a0\u00bb row_type=\u00a0\u00bbrow\u00a0\u00bb use_row_as_full_screen_section=\u00a0\u00bbno\u00a0\u00bb type=\u00a0\u00bbfull_width\u00a0\u00bb angled_section=\u00a0\u00bbno\u00a0\u00bb text_align=\u00a0\u00bbcenter\u00a0\u00bb background_image_as_pattern=\u00a0\u00bbwithout_pattern\u00a0\u00bb background_image=\u00a0\u00bb18812&Prime; css=\u00a0\u00bb.vc_custom_1635846290310{padding-top: 150px !important;padding-bottom: 150px !important;}\u00a0\u00bb z_index=\u00a0\u00bb\u00a0\u00bb][vc_column][vc_row_inner row_type=\u00a0\u00bbrow\u00a0\u00bb type=\u00a0\u00bbgrid\u00a0\u00bb text_align=\u00a0\u00bbleft\u00a0\u00bb css_animation=\u00a0\u00bb\u00a0\u00bb][vc_column_inner width=\u00a0\u00bb1\/6&Prime;][\/vc_column_inner][vc_column_inner width=\u00a0\u00bb2\/3&Prime;][vc_single_image image=\u00a0\u00bb15668&Prime; img_size=\u00a0\u00bbmedium\u00a0\u00bb alignment=\u00a0\u00bbcenter\u00a0\u00bb qode_css_animation=\u00a0\u00bb\u00a0\u00bb css=\u00a0\u00bb.vc_custom_1629813852915{margin-bottom: 30px !important;}\u00a0\u00bb][vc_column_text]<\/p>\n<h1 style=\"text-align: center; color: #fff;\">Une histoire de T\u00e9nacit\u00e9, Comp\u00e9tence et Innovation<\/h1>\n<p>[\/vc_column_text][vc_separator type=\u00a0\u00bbsmall\u00a0\u00bb position=\u00a0\u00bbcenter\u00a0\u00bb up=\u00a0\u00bb26&Prime; down=\u00a0\u00bb26&Prime; thickness=\u00a0\u00bb5px\u00a0\u00bb][\/vc_column_inner][vc_column_inner width=\u00a0\u00bb1\/6&Prime;][\/vc_column_inner][\/vc_row_inner][\/vc_column][\/vc_row][vc_row css_animation=\u00a0\u00bb\u00a0\u00bb row_type=\u00a0\u00bbrow\u00a0\u00bb use_row_as_full_screen_section=\u00a0\u00bbno\u00a0\u00bb type=\u00a0\u00bbgrid\u00a0\u00bb angled_section=\u00a0\u00bbno\u00a0\u00bb text_align=\u00a0\u00bbleft\u00a0\u00bb background_image_as_pattern=\u00a0\u00bbwithout_pattern\u00a0\u00bb padding_top=\u00a0\u00bb88&Prime; padding_bottom=\u00a0\u00bb75&Prime;][vc_column width=\u00a0\u00bb1\/2&Prime;][vc_video link=\u00a0\u00bbhttps:\/\/www.youtube.com\/watch?v=zW3gX8_vseA\u00a0\u00bb][\/vc_column][vc_column width=\u00a0\u00bb1\/2&Prime;][vc_column_text]<\/p>\n<h3>O.ME.P.S. Silotrailers<\/h3>\n<p>[\/vc_column_text][vc_separator type=\u00a0\u00bbsmall\u00a0\u00bb position=\u00a0\u00bbleft\u00a0\u00bb up=\u00a0\u00bb26&Prime; down=\u00a0\u00bb26&Prime; thickness=\u00a0\u00bb3px\u00a0\u00bb][vc_column_text]Un nom qui traverse les rues et les autoroutes depuis 1999. Un voyage sans arr\u00eat parti du Sud de l\u2019Italie et qui traverse aujourd\u2019hui les cinq continents. Une entreprise qui vise enti\u00e8rement \u00e0 la recherche, la qualit\u00e9, l\u2019avenir. Une marque synonyme de fiabilit\u00e9 dans le secteur des transports.<\/p>\n<p>Ca c&rsquo;est <strong>O.ME.P.S.<\/strong><\/p>\n<div class=\"block-layout-2\">\n<div class=\"container\">\n<div class=\"row\">\n<div class=\"col-sm-8 pull-left\">\n<div class=\"p2-block-cont\">\n<p>Et surtout c\u2019est nous. Parce que le n\u00f4tre, plus qu\u2019un travail est un projet, un r\u00eave. Parce que une partie de nous voyage avec fiert\u00e9 avec notre marque. Et parce que chacun de nous n\u2019a pas l\u2019intention de s\u2019arr\u00eater.<\/p>\n<\/div>\n<\/div>\n<\/div>\n<\/div>\n<\/div>\n<p>[\/vc_column_text][vc_separator type=\u00a0\u00bbtransparent\u00a0\u00bb up=\u00a0\u00bb25&Prime; down=\u00a0\u00bb0&Prime;][\/vc_column][\/vc_row][vc_row css_animation=\u00a0\u00bb\u00a0\u00bb row_type=\u00a0\u00bbrow\u00a0\u00bb use_row_as_full_screen_section=\u00a0\u00bbno\u00a0\u00bb type=\u00a0\u00bbfull_width\u00a0\u00bb angled_section=\u00a0\u00bbno\u00a0\u00bb text_align=\u00a0\u00bbleft\u00a0\u00bb background_image_as_pattern=\u00a0\u00bbwithout_pattern\u00a0\u00bb][vc_column][vc_single_image image=\u00a0\u00bb19212&Prime; img_size=\u00a0\u00bbfull\u00a0\u00bb alignment=\u00a0\u00bbcenter\u00a0\u00bb qode_css_animation=\u00a0\u00bb\u00a0\u00bb][\/vc_column][\/vc_row][vc_row css_animation=\u00a0\u00bb\u00a0\u00bb row_type=\u00a0\u00bbrow\u00a0\u00bb use_row_as_full_screen_section=\u00a0\u00bbno\u00a0\u00bb type=\u00a0\u00bbgrid\u00a0\u00bb angled_section=\u00a0\u00bbno\u00a0\u00bb text_align=\u00a0\u00bbleft\u00a0\u00bb background_image_as_pattern=\u00a0\u00bbwithout_pattern\u00a0\u00bb padding_top=\u00a0\u00bb88&Prime; padding_bottom=\u00a0\u00bb75&Prime; css=\u00a0\u00bb.vc_custom_1629971084843{background-color: #f7f7f7 !important;}\u00a0\u00bb z_index=\u00a0\u00bb\u00a0\u00bb][vc_column width=\u00a0\u00bb1\/2&Prime;][vc_column_text]<\/p>\n<h3>Notre histoire<\/h3>\n<p>[\/vc_column_text][vc_separator type=\u00a0\u00bbsmall\u00a0\u00bb position=\u00a0\u00bbleft\u00a0\u00bb up=\u00a0\u00bb26&Prime; down=\u00a0\u00bb26&Prime; thickness=\u00a0\u00bb3px\u00a0\u00bb][vc_column_text]L\u2019histoire d\u2019une entreprise co\u00efncide souvent avec l\u2019histoire d\u2019un homme: <strong>Vincenzo Munzio<\/strong>, qui depuis sa jeunesse se passionne au v\u00e9hicules en faisant des r\u00e9parations et du secteur des d\u00e9tach\u00e9s une profession. La comp\u00e9tence technique est \u00e0 la base, mais pour arriver au sommet, on a besoin de <strong>courage<\/strong>. Certainement, il y a une vingtaine d\u2019ann\u00e9es, le courage ne manquait pas \u00e0 M. Munzio, fondateur et Administrateur de O.ME.P.S., pour r\u00e9orienter l\u2019activit\u00e9 d\u2019atelier de service vers la production de citernes pour transport de produits en vrac et poudres.<\/p>\n<p>Celle d\u2019O.ME.P.S. est aussi une histoire de <strong>fid\u00e9lit\u00e9 et de l\u2019amiti\u00e9.<\/strong> Derri\u00e8re sa marque de vingt ans, en fait, il y a la m\u00eame \u00e9quipe depuis plus de quarante ans et la plupart des techniciens et ouvriers actuellement employ\u00e9s dans O.ME.P.S. sont les m\u00eames avec lesquels M. Munzio a atteint son objectif de devenir l\u2019unique propri\u00e9taire d\u2019une entreprise solide, <strong>stable et en bonne sant\u00e9 financi\u00e8re<\/strong>.[\/vc_column_text][vc_separator type=\u00a0\u00bbtransparent\u00a0\u00bb up=\u00a0\u00bb25&Prime; down=\u00a0\u00bb0&Prime;][\/vc_column][vc_column width=\u00a0\u00bb1\/2&Prime;][vc_single_image image=\u00a0\u00bb7772&Prime; img_size=\u00a0\u00bb300&#215;300&Prime; alignment=\u00a0\u00bbcenter\u00a0\u00bb style=\u00a0\u00bbvc_box_shadow_circle_2&Prime; qode_css_animation=\u00a0\u00bbelement_from_fade\u00a0\u00bb transition_delay=\u00a0\u00bb0.2&Prime; css=\u00a0\u00bb.vc_custom_1629971183648{margin-top: 50px !important;}\u00a0\u00bb][\/vc_column][\/vc_row][vc_row row_type=\u00a0\u00bbparallax\u00a0\u00bb parallax_content_width=\u00a0\u00bbfull_width\u00a0\u00bb text_align=\u00a0\u00bbleft\u00a0\u00bb full_screen_section_height=\u00a0\u00bbno\u00a0\u00bb background_image=\u00a0\u00bb18857&Prime; section_height=\u00a0\u00bb600&Prime; parallax_speed=\u00a0\u00bb1.5&Prime;][vc_column][\/vc_column][\/vc_row][vc_row css_animation=\u00a0\u00bb\u00a0\u00bb row_type=\u00a0\u00bbrow\u00a0\u00bb use_row_as_full_screen_section=\u00a0\u00bbno\u00a0\u00bb type=\u00a0\u00bbfull_width\u00a0\u00bb angled_section=\u00a0\u00bbno\u00a0\u00bb text_align=\u00a0\u00bbleft\u00a0\u00bb background_image_as_pattern=\u00a0\u00bbwithout_pattern\u00a0\u00bb z_index=\u00a0\u00bb\u00a0\u00bb background_image=\u00a0\u00bb16888&Prime; padding_top=\u00a0\u00bb300px\u00a0\u00bb padding_bottom=\u00a0\u00bb300px\u00a0\u00bb css=\u00a0\u00bb.vc_custom_1631722129501{padding-top: 100px !important;padding-bottom: 100px !important;}\u00a0\u00bb][vc_column][vc_column_text]<\/p>\n<h3 style=\"text-align: center; color: #fff;\">Caract\u00e9ristiques des v\u00e9hicules O.ME.P.S.<\/h3>\n<p>[\/vc_column_text][vc_separator type=\u00a0\u00bbsmall\u00a0\u00bb position=\u00a0\u00bbcenter\u00a0\u00bb up=\u00a0\u00bb26&Prime; down=\u00a0\u00bb26&Prime;][vc_row_inner row_type=\u00a0\u00bbrow\u00a0\u00bb type=\u00a0\u00bbgrid\u00a0\u00bb text_align=\u00a0\u00bbleft\u00a0\u00bb css_animation=\u00a0\u00bb\u00a0\u00bb][vc_column_inner el_class=\u00a0\u00bbcard\u00a0\u00bb width=\u00a0\u00bb1\/2&Prime; css=\u00a0\u00bb.vc_custom_1636541719347{margin-right: 10px !important;margin-bottom: 35px !important;padding-right: 10% !important;padding-bottom: 30px !important;padding-left: 10% !important;background-color: #ffffff !important;border-radius: 10px !important;}\u00a0\u00bb][vc_column_text]<\/p>\n<h4 style=\"text-align: center;\">L\u00e9g\u00e8ret\u00e9<\/h4>\n<p>[\/vc_column_text][vc_separator type=\u00a0\u00bbsmall\u00a0\u00bb position=\u00a0\u00bbcenter\u00a0\u00bb up=\u00a0\u00bb26&Prime; down=\u00a0\u00bb26&Prime;][vc_column_text]<\/p>\n<p style=\"text-align: center;\">O.ME.P.S. utilise exclusivement des alliages l\u00e9gers dans ses v\u00e9hicules. Ce a permit decontribuer \u00e0 reduire la tare des v\u00e9hicules et augmenter leur charge utile: ce le quid qui a s\u00e9duit le march\u00e9 et a lanc\u00e9 la marque O.ME.P.S. dans le monde entier.<\/p>\n<p>[\/vc_column_text][vc_empty_space height=\u00a0\u00bb47px\u00a0\u00bb][\/vc_column_inner][vc_column_inner el_class=\u00a0\u00bbcard\u00a0\u00bb width=\u00a0\u00bb1\/2&Prime; css=\u00a0\u00bb.vc_custom_1636541723456{padding-right: 10% !important;padding-bottom: 30px !important;padding-left: 10% !important;background-color: #ffffff !important;border-radius: 10px !important;}\u00a0\u00bb][vc_column_text]<\/p>\n<h4 style=\"text-align: center;\">Esth\u00e9tique<\/h4>\n<p>[\/vc_column_text][vc_separator type=\u00a0\u00bbsmall\u00a0\u00bb position=\u00a0\u00bbcenter\u00a0\u00bb up=\u00a0\u00bb26&Prime; down=\u00a0\u00bb26&Prime;][vc_column_text]<\/p>\n<p style=\"text-align: center;\">Tr\u00e9s important est le r\u00f4le de la beaut\u00e9, qui ne se r\u00e9duit pas seulement \u00e0 son aspect ext\u00e9rieur: c\u2019est la beaut\u00e9 qui se traduit en design sup\u00e9rieure en am\u00e9lioration a\u00e9rodynamique, pour livrer au client de v\u00e9ritables<strong> bijoux de la technologie et de l\u2019innovation.\u2028 <\/strong>Les remorques O.ME.P.S. peuvent aussi \u00eatre personnalis\u00e9es et d\u00e9cor\u00e9es selon les souhaits du client.[\/vc_column_text][\/vc_column_inner][\/vc_row_inner][\/vc_column][\/vc_row]<\/p>\n<\/section>","protected":false},"excerpt":{"rendered":"<p>[vc_row css_animation=\u00a0\u00bb\u00a0\u00bb row_type=\u00a0\u00bbrow\u00a0\u00bb use_row_as_full_screen_section=\u00a0\u00bbno\u00a0\u00bb type=\u00a0\u00bbfull_width\u00a0\u00bb angled_section=\u00a0\u00bbno\u00a0\u00bb text_align=\u00a0\u00bbcenter\u00a0\u00bb background_image_as_pattern=\u00a0\u00bbwithout_pattern\u00a0\u00bb background_image=\u00a0\u00bb18812&Prime; css=\u00a0\u00bb.vc_custom_1635846290310{padding-top: 150px !important;padding-bottom: 150px !important;}\u00a0\u00bb z_index=\u00a0\u00bb\u00a0\u00bb][vc_column][vc_row_inner row_type=\u00a0\u00bbrow\u00a0\u00bb type=\u00a0\u00bbgrid\u00a0\u00bb text_align=\u00a0\u00bbleft\u00a0\u00bb css_animation=\u00a0\u00bb\u00a0\u00bb][vc_column_inner width=\u00a0\u00bb1\/6&Prime;][\/vc_column_inner][vc_column_inner width=\u00a0\u00bb2\/3&Prime;][vc_single_image image=\u00a0\u00bb15668&Prime; img_size=\u00a0\u00bbmedium\u00a0\u00bb alignment=\u00a0\u00bbcenter\u00a0\u00bb qode_css_animation=\u00a0\u00bb\u00a0\u00bb css=\u00a0\u00bb.vc_custom_1629813852915{margin-bottom: 30px !important;}\u00a0\u00bb][vc_column_text] Une histoire de T\u00e9nacit\u00e9, Comp\u00e9tence et Innovation [\/vc_column_text][vc_separator type=\u00a0\u00bbsmall\u00a0\u00bb position=\u00a0\u00bbcenter\u00a0\u00bb up=\u00a0\u00bb26&Prime; down=\u00a0\u00bb26&Prime; thickness=\u00a0\u00bb5px\u00a0\u00bb][\/vc_column_inner][vc_column_inner width=\u00a0\u00bb1\/6&Prime;][\/vc_column_inner][\/vc_row_inner][\/vc_column][\/vc_row][vc_row css_animation=\u00a0\u00bb\u00a0\u00bb row_type=\u00a0\u00bbrow\u00a0\u00bb use_row_as_full_screen_section=\u00a0\u00bbno\u00a0\u00bb&#8230;<\/p>\n","protected":false},"author":2,"featured_media":2339,"parent":0,"menu_order":0,"comment_status":"closed","ping_status":"closed","template":"full_width.php","meta":{"_vp_format_video_url":"","_vp_image_focal_point":[]},"yoast_head":"<!-- This site is optimized with the Yoast SEO plugin v20.7 - https:\/\/yoast.com\/wordpress\/plugins\/seo\/ -->\n<title>O.ME.P.S. Silotrailers - Qui sommes nous<\/title>\n<meta name=\"description\" content=\"O.ME.P.S. met l&#039;accent sur la recherche, la qualit\u00e9 et l&#039;avenir. C&#039;est une marque synonyme de fiabilit\u00e9 maximale dans le secteur des transports.\" \/>\n<meta name=\"robots\" content=\"index, follow, max-snippet:-1, max-image-preview:large, max-video-preview:-1\" \/>\n<link rel=\"canonical\" href=\"https:\/\/www.omeps.it\/fr\/enterprise\/\" \/>\n<meta property=\"og:locale\" content=\"fr_FR\" \/>\n<meta property=\"og:type\" content=\"article\" \/>\n<meta property=\"og:title\" content=\"O.ME.P.S. Silotrailers - Qui sommes nous\" \/>\n<meta property=\"og:description\" content=\"O.ME.P.S. met l&#039;accent sur la recherche, la qualit\u00e9 et l&#039;avenir. C&#039;est une marque synonyme de fiabilit\u00e9 maximale dans le secteur des transports.\" \/>\n<meta property=\"og:url\" content=\"https:\/\/www.omeps.it\/fr\/enterprise\/\" \/>\n<meta property=\"og:site_name\" content=\"O.ME.P.S. Silotrailers\" \/>\n<meta property=\"article:publisher\" content=\"https:\/\/www.facebook.com\/OMEPS.Italy\/\" \/>\n<meta property=\"article:modified_time\" content=\"2022-11-16T11:42:59+00:00\" \/>\n<meta property=\"og:image\" content=\"https:\/\/www.omeps.it\/wp-content\/uploads\/2017\/05\/azienda_cover-x.jpg\" \/>\n\t<meta property=\"og:image:width\" content=\"1281\" \/>\n\t<meta property=\"og:image:height\" content=\"479\" \/>\n\t<meta property=\"og:image:type\" content=\"image\/jpeg\" \/>\n<meta name=\"twitter:card\" content=\"summary_large_image\" \/>\n<meta name=\"twitter:label1\" content=\"Dur\u00e9e de lecture estim\u00e9e\" \/>\n\t<meta name=\"twitter:data1\" content=\"3 minutes\" \/>\n<script type=\"application\/ld+json\" class=\"yoast-schema-graph\">{\"@context\":\"https:\/\/schema.org\",\"@graph\":[{\"@type\":\"WebPage\",\"@id\":\"https:\/\/www.omeps.it\/fr\/enterprise\/\",\"url\":\"https:\/\/www.omeps.it\/fr\/enterprise\/\",\"name\":\"O.ME.P.S. Silotrailers - Qui sommes nous\",\"isPartOf\":{\"@id\":\"https:\/\/www.omeps.it\/fr\/#website\"},\"datePublished\":\"2017-05-04T16:44:43+00:00\",\"dateModified\":\"2022-11-16T11:42:59+00:00\",\"description\":\"O.ME.P.S. met l'accent sur la recherche, la qualit\u00e9 et l'avenir. C'est une marque synonyme de fiabilit\u00e9 maximale dans le secteur des transports.\",\"breadcrumb\":{\"@id\":\"https:\/\/www.omeps.it\/fr\/enterprise\/#breadcrumb\"},\"inLanguage\":\"fr-FR\",\"potentialAction\":[{\"@type\":\"ReadAction\",\"target\":[\"https:\/\/www.omeps.it\/fr\/enterprise\/\"]}]},{\"@type\":\"BreadcrumbList\",\"@id\":\"https:\/\/www.omeps.it\/fr\/enterprise\/#breadcrumb\",\"itemListElement\":[{\"@type\":\"ListItem\",\"position\":1,\"name\":\"Home\",\"item\":\"https:\/\/www.omeps.it\/fr\/\"},{\"@type\":\"ListItem\",\"position\":2,\"name\":\"Enterprise\"}]},{\"@type\":\"WebSite\",\"@id\":\"https:\/\/www.omeps.it\/fr\/#website\",\"url\":\"https:\/\/www.omeps.it\/fr\/\",\"name\":\"O.ME.P.S. Silotrailers\",\"description\":\"\",\"publisher\":{\"@id\":\"https:\/\/www.omeps.it\/fr\/#organization\"},\"potentialAction\":[{\"@type\":\"SearchAction\",\"target\":{\"@type\":\"EntryPoint\",\"urlTemplate\":\"https:\/\/www.omeps.it\/fr\/?s={search_term_string}\"},\"query-input\":\"required name=search_term_string\"}],\"inLanguage\":\"fr-FR\"},{\"@type\":\"Organization\",\"@id\":\"https:\/\/www.omeps.it\/fr\/#organization\",\"name\":\"O.ME.P.S. Srl\",\"url\":\"https:\/\/www.omeps.it\/fr\/\",\"logo\":{\"@type\":\"ImageObject\",\"inLanguage\":\"fr-FR\",\"@id\":\"https:\/\/www.omeps.it\/fr\/#\/schema\/logo\/image\/\",\"url\":\"https:\/\/www.omeps.it\/wp-content\/uploads\/2017\/05\/logo-lg.png\",\"contentUrl\":\"https:\/\/www.omeps.it\/wp-content\/uploads\/2017\/05\/logo-lg.png\",\"width\":255,\"height\":85,\"caption\":\"O.ME.P.S. Srl\"},\"image\":{\"@id\":\"https:\/\/www.omeps.it\/fr\/#\/schema\/logo\/image\/\"},\"sameAs\":[\"https:\/\/www.facebook.com\/OMEPS.Italy\/\"]}]}<\/script>\n<!-- \/ Yoast SEO plugin. -->","yoast_head_json":{"title":"O.ME.P.S. Silotrailers - Qui sommes nous","description":"O.ME.P.S. met l'accent sur la recherche, la qualit\u00e9 et l'avenir. C'est une marque synonyme de fiabilit\u00e9 maximale dans le secteur des transports.","robots":{"index":"index","follow":"follow","max-snippet":"max-snippet:-1","max-image-preview":"max-image-preview:large","max-video-preview":"max-video-preview:-1"},"canonical":"https:\/\/www.omeps.it\/fr\/enterprise\/","og_locale":"fr_FR","og_type":"article","og_title":"O.ME.P.S. Silotrailers - Qui sommes nous","og_description":"O.ME.P.S. met l'accent sur la recherche, la qualit\u00e9 et l'avenir. C'est une marque synonyme de fiabilit\u00e9 maximale dans le secteur des transports.","og_url":"https:\/\/www.omeps.it\/fr\/enterprise\/","og_site_name":"O.ME.P.S. Silotrailers","article_publisher":"https:\/\/www.facebook.com\/OMEPS.Italy\/","article_modified_time":"2022-11-16T11:42:59+00:00","og_image":[{"width":1281,"height":479,"url":"https:\/\/www.omeps.it\/wp-content\/uploads\/2017\/05\/azienda_cover-x.jpg","type":"image\/jpeg"}],"twitter_card":"summary_large_image","twitter_misc":{"Dur\u00e9e de lecture estim\u00e9e":"3 minutes"},"schema":{"@context":"https:\/\/schema.org","@graph":[{"@type":"WebPage","@id":"https:\/\/www.omeps.it\/fr\/enterprise\/","url":"https:\/\/www.omeps.it\/fr\/enterprise\/","name":"O.ME.P.S. Silotrailers - Qui sommes nous","isPartOf":{"@id":"https:\/\/www.omeps.it\/fr\/#website"},"datePublished":"2017-05-04T16:44:43+00:00","dateModified":"2022-11-16T11:42:59+00:00","description":"O.ME.P.S. met l'accent sur la recherche, la qualit\u00e9 et l'avenir. C'est une marque synonyme de fiabilit\u00e9 maximale dans le secteur des transports.","breadcrumb":{"@id":"https:\/\/www.omeps.it\/fr\/enterprise\/#breadcrumb"},"inLanguage":"fr-FR","potentialAction":[{"@type":"ReadAction","target":["https:\/\/www.omeps.it\/fr\/enterprise\/"]}]},{"@type":"BreadcrumbList","@id":"https:\/\/www.omeps.it\/fr\/enterprise\/#breadcrumb","itemListElement":[{"@type":"ListItem","position":1,"name":"Home","item":"https:\/\/www.omeps.it\/fr\/"},{"@type":"ListItem","position":2,"name":"Enterprise"}]},{"@type":"WebSite","@id":"https:\/\/www.omeps.it\/fr\/#website","url":"https:\/\/www.omeps.it\/fr\/","name":"O.ME.P.S. Silotrailers","description":"","publisher":{"@id":"https:\/\/www.omeps.it\/fr\/#organization"},"potentialAction":[{"@type":"SearchAction","target":{"@type":"EntryPoint","urlTemplate":"https:\/\/www.omeps.it\/fr\/?s={search_term_string}"},"query-input":"required name=search_term_string"}],"inLanguage":"fr-FR"},{"@type":"Organization","@id":"https:\/\/www.omeps.it\/fr\/#organization","name":"O.ME.P.S. Srl","url":"https:\/\/www.omeps.it\/fr\/","logo":{"@type":"ImageObject","inLanguage":"fr-FR","@id":"https:\/\/www.omeps.it\/fr\/#\/schema\/logo\/image\/","url":"https:\/\/www.omeps.it\/wp-content\/uploads\/2017\/05\/logo-lg.png","contentUrl":"https:\/\/www.omeps.it\/wp-content\/uploads\/2017\/05\/logo-lg.png","width":255,"height":85,"caption":"O.ME.P.S. Srl"},"image":{"@id":"https:\/\/www.omeps.it\/fr\/#\/schema\/logo\/image\/"},"sameAs":["https:\/\/www.facebook.com\/OMEPS.Italy\/"]}]}},"_links":{"self":[{"href":"https:\/\/www.omeps.it\/fr\/wp-json\/wp\/v2\/pages\/429"}],"collection":[{"href":"https:\/\/www.omeps.it\/fr\/wp-json\/wp\/v2\/pages"}],"about":[{"href":"https:\/\/www.omeps.it\/fr\/wp-json\/wp\/v2\/types\/page"}],"author":[{"embeddable":true,"href":"https:\/\/www.omeps.it\/fr\/wp-json\/wp\/v2\/users\/2"}],"replies":[{"embeddable":true,"href":"https:\/\/www.omeps.it\/fr\/wp-json\/wp\/v2\/comments?post=429"}],"version-history":[{"count":20,"href":"https:\/\/www.omeps.it\/fr\/wp-json\/wp\/v2\/pages\/429\/revisions"}],"predecessor-version":[{"id":19218,"href":"https:\/\/www.omeps.it\/fr\/wp-json\/wp\/v2\/pages\/429\/revisions\/19218"}],"wp:featuredmedia":[{"embeddable":true,"href":"https:\/\/www.omeps.it\/fr\/wp-json\/wp\/v2\/media\/2339"}],"wp:attachment":[{"href":"https:\/\/www.omeps.it\/fr\/wp-json\/wp\/v2\/media?parent=429"}],"curies":[{"name":"wp","href":"https:\/\/api.w.org\/{rel}","templated":true}]}}