{"id":17254,"date":"2021-09-20T16:03:27","date_gmt":"2021-09-20T14:03:27","guid":{"rendered":"https:\/\/www.omeps.it\/?page_id=17254"},"modified":"2021-11-02T11:13:34","modified_gmt":"2021-11-02T10:13:34","slug":"conception","status":"publish","type":"page","link":"https:\/\/www.omeps.it\/fr\/conception\/","title":{"rendered":"Conception"},"content":{"rendered":"<section class=\"wpb-content-wrapper\"><p>[vc_row css_animation=\u00a0\u00bb\u00a0\u00bb row_type=\u00a0\u00bbrow\u00a0\u00bb use_row_as_full_screen_section=\u00a0\u00bbno\u00a0\u00bb type=\u00a0\u00bbfull_width\u00a0\u00bb angled_section=\u00a0\u00bbno\u00a0\u00bb text_align=\u00a0\u00bbcenter\u00a0\u00bb background_image_as_pattern=\u00a0\u00bbwithout_pattern\u00a0\u00bb background_image=\u00a0\u00bb18831&Prime; css=\u00a0\u00bb.vc_custom_1635847963724{padding-top: 150px !important;padding-bottom: 150px !important;}\u00a0\u00bb z_index=\u00a0\u00bb\u00a0\u00bb][vc_column][vc_row_inner row_type=\u00a0\u00bbrow\u00a0\u00bb type=\u00a0\u00bbgrid\u00a0\u00bb text_align=\u00a0\u00bbleft\u00a0\u00bb css_animation=\u00a0\u00bb\u00a0\u00bb][vc_column_inner width=\u00a0\u00bb1\/6&Prime;][\/vc_column_inner][vc_column_inner width=\u00a0\u00bb2\/3&Prime;][vc_single_image image=\u00a0\u00bb15668&Prime; img_size=\u00a0\u00bbmedium\u00a0\u00bb alignment=\u00a0\u00bbcenter\u00a0\u00bb qode_css_animation=\u00a0\u00bb\u00a0\u00bb css=\u00a0\u00bb.vc_custom_1629813852915{margin-bottom: 30px !important;}\u00a0\u00bb][vc_column_text]<\/p>\n<h1 style=\"text-align: center; color: #fff;\">Les exigences des clients sont la base de notre travail<\/h1>\n<p>[\/vc_column_text][vc_separator type=\u00a0\u00bbsmall\u00a0\u00bb position=\u00a0\u00bbcenter\u00a0\u00bb up=\u00a0\u00bb26&Prime; down=\u00a0\u00bb26&Prime; thickness=\u00a0\u00bb5px\u00a0\u00bb][\/vc_column_inner][vc_column_inner width=\u00a0\u00bb1\/6&Prime;][\/vc_column_inner][\/vc_row_inner][\/vc_column][\/vc_row][vc_row css_animation=\u00a0\u00bb\u00a0\u00bb row_type=\u00a0\u00bbrow\u00a0\u00bb use_row_as_full_screen_section=\u00a0\u00bbno\u00a0\u00bb type=\u00a0\u00bbgrid\u00a0\u00bb angled_section=\u00a0\u00bbno\u00a0\u00bb text_align=\u00a0\u00bbleft\u00a0\u00bb background_image_as_pattern=\u00a0\u00bbwithout_pattern\u00a0\u00bb padding_top=\u00a0\u00bb88&Prime; padding_bottom=\u00a0\u00bb75&Prime;][vc_column width=\u00a0\u00bb1\/2&Prime;][vc_gallery type=\u00a0\u00bbflexslider_slide\u00a0\u00bb interval=\u00a0\u00bb3&Prime; images=\u00a0\u00bb16907,17135,17129,17141&Prime; img_size=\u00a0\u00bbfull\u00a0\u00bb onclick=\u00a0\u00bb\u00a0\u00bb enable_drag=\u00a0\u00bbyes\u00a0\u00bb direction_nav=\u00a0\u00bbyes\u00a0\u00bb frame=\u00a0\u00bbno\u00a0\u00bb][\/vc_column][vc_column width=\u00a0\u00bb1\/2&Prime;][vc_separator type=\u00a0\u00bbtransparent\u00a0\u00bb up=\u00a0\u00bb44&Prime; down=\u00a0\u00bb0&Prime;][vc_column_text]<\/p>\n<h3>O.ME.P.S a \u00e9t\u00e9 pionni\u00e8re en Italie dans la cr\u00e9ation d\u2019un bureau technique capable de concevoir et de g\u00e9rer compl\u00e8tement la phase de conception.<\/h3>\n<p>[\/vc_column_text][vc_separator type=\u00a0\u00bbsmall\u00a0\u00bb position=\u00a0\u00bbleft\u00a0\u00bb up=\u00a0\u00bb26&Prime; down=\u00a0\u00bb26&Prime; thickness=\u00a0\u00bb3px\u00a0\u00bb][vc_column_text]Un logiciel sp\u00e9cial pour la mod\u00e9lisation 3D et des logiciels de calcule novateurs permettent de:<\/p>\n<ul>\n<li>r\u00e9pondre aux demandes sp\u00e9cifiques selon les plans de charge demand\u00e9s par le client<\/li>\n<li>calibrer avec pr\u00e9cision la fiabilit\u00e9 du v\u00e9hicule \u00e0 travers des simulation des conditions de charge<\/li>\n<li>\u00a0pr\u00e9venir les erreurs de design<\/li>\n<li>r\u00e9duire le temps de production et de livraison<\/li>\n<li>r\u00e9duire les co\u00fbts<\/li>\n<\/ul>\n<p>[\/vc_column_text][vc_separator type=\u00a0\u00bbtransparent\u00a0\u00bb up=\u00a0\u00bb25&Prime; down=\u00a0\u00bb0&Prime;][\/vc_column][\/vc_row][vc_row css_animation=\u00a0\u00bb\u00a0\u00bb row_type=\u00a0\u00bbrow\u00a0\u00bb use_row_as_full_screen_section=\u00a0\u00bbno\u00a0\u00bb type=\u00a0\u00bbfull_width\u00a0\u00bb angled_section=\u00a0\u00bbno\u00a0\u00bb text_align=\u00a0\u00bbleft\u00a0\u00bb background_image_as_pattern=\u00a0\u00bbwithout_pattern\u00a0\u00bb z_index=\u00a0\u00bb\u00a0\u00bb padding_top=\u00a0\u00bb300px\u00a0\u00bb padding_bottom=\u00a0\u00bb300px\u00a0\u00bb css=\u00a0\u00bb.vc_custom_1629814994957{padding-top: 100px !important;padding-bottom: 100px !important;}\u00a0\u00bb][vc_column][vc_row_inner row_type=\u00a0\u00bbrow\u00a0\u00bb type=\u00a0\u00bbfull_width\u00a0\u00bb text_align=\u00a0\u00bbleft\u00a0\u00bb css_animation=\u00a0\u00bb\u00a0\u00bb css=\u00a0\u00bb.vc_custom_1631867494391{padding-right: 5% !important;padding-left: 5% !important;}\u00a0\u00bb][vc_column_inner width=\u00a0\u00bb1\/5&Prime; css=\u00a0\u00bb.vc_custom_1631542075115{margin-bottom: 30px !important;}\u00a0\u00bb][vc_single_image image=\u00a0\u00bb2854&Prime; img_size=\u00a0\u00bbfull\u00a0\u00bb alignment=\u00a0\u00bbcenter\u00a0\u00bb qode_css_animation=\u00a0\u00bb\u00a0\u00bb][\/vc_column_inner][vc_column_inner width=\u00a0\u00bb1\/5&Prime; css=\u00a0\u00bb.vc_custom_1631542082257{margin-bottom: 30px !important;}\u00a0\u00bb][vc_single_image image=\u00a0\u00bb15885&Prime; img_size=\u00a0\u00bb85&#215;108&Prime; alignment=\u00a0\u00bbcenter\u00a0\u00bb qode_css_animation=\u00a0\u00bb\u00a0\u00bb][\/vc_column_inner][vc_column_inner width=\u00a0\u00bb1\/5&Prime; css=\u00a0\u00bb.vc_custom_1631542590051{margin-bottom: 30px !important;}\u00a0\u00bb][vc_single_image image=\u00a0\u00bb2369&Prime; img_size=\u00a0\u00bbfull\u00a0\u00bb alignment=\u00a0\u00bbcenter\u00a0\u00bb qode_css_animation=\u00a0\u00bb\u00a0\u00bb][\/vc_column_inner][vc_column_inner width=\u00a0\u00bb1\/5&Prime; css=\u00a0\u00bb.vc_custom_1631542596429{margin-bottom: 30px !important;}\u00a0\u00bb][vc_single_image image=\u00a0\u00bb15885&Prime; img_size=\u00a0\u00bb85&#215;108&Prime; alignment=\u00a0\u00bbcenter\u00a0\u00bb qode_css_animation=\u00a0\u00bb\u00a0\u00bb][\/vc_column_inner][vc_column_inner width=\u00a0\u00bb1\/5&Prime;][vc_single_image image=\u00a0\u00bb15879&Prime; img_size=\u00a0\u00bb308&#215;176&Prime; alignment=\u00a0\u00bbcenter\u00a0\u00bb qode_css_animation=\u00a0\u00bb\u00a0\u00bb][\/vc_column_inner][\/vc_row_inner][\/vc_column][\/vc_row][vc_row row_type=\u00a0\u00bbparallax\u00a0\u00bb parallax_content_width=\u00a0\u00bbin_grid\u00a0\u00bb text_align=\u00a0\u00bbleft\u00a0\u00bb full_screen_section_height=\u00a0\u00bbno\u00a0\u00bb background_image=\u00a0\u00bb18839&Prime; section_height=\u00a0\u00bb500&Prime; parallax_speed=\u00a0\u00bb1&Prime;][vc_column][\/vc_column][\/vc_row][vc_row css_animation=\u00a0\u00bb\u00a0\u00bb row_type=\u00a0\u00bbrow\u00a0\u00bb use_row_as_full_screen_section=\u00a0\u00bbno\u00a0\u00bb type=\u00a0\u00bbgrid\u00a0\u00bb angled_section=\u00a0\u00bbno\u00a0\u00bb text_align=\u00a0\u00bbleft\u00a0\u00bb background_image_as_pattern=\u00a0\u00bbwithout_pattern\u00a0\u00bb padding_top=\u00a0\u00bb88&Prime; padding_bottom=\u00a0\u00bb75&Prime; z_index=\u00a0\u00bb\u00a0\u00bb css=\u00a0\u00bb.vc_custom_1629809342859{padding-top: 100px !important;padding-bottom: 50px !important;background-color: #f7f7f7 !important;}\u00a0\u00bb][vc_column][vc_column_text]<\/p>\n<h3 style=\"font-size: 40px; line-height: 45px;\">Apr\u00e8s l\u2019\u00e9valuation des demandes de renseignements de l\u2019acheteur, un processus de conception pr\u00e9cise commence instantan\u00e9ment:<\/h3>\n<p>[\/vc_column_text][vc_separator type=\u00a0\u00bbsmall\u00a0\u00bb position=\u00a0\u00bbleft\u00a0\u00bb up=\u00a0\u00bb26&Prime; down=\u00a0\u00bb26&Prime; thickness=\u00a0\u00bb2&Prime;][vc_row_inner row_type=\u00a0\u00bbrow\u00a0\u00bb type=\u00a0\u00bbfull_width\u00a0\u00bb text_align=\u00a0\u00bbleft\u00a0\u00bb css_animation=\u00a0\u00bb\u00a0\u00bb][vc_column_inner width=\u00a0\u00bb1\/3&Prime; css=\u00a0\u00bb.vc_custom_1632125182334{margin-bottom: 30px !important;}\u00a0\u00bb]<div class=\"qode-info-card\">\n\t\t\t<div class=\"qode-info-card-image\" style=\"background-color:#fff\">\n\t\t\t<img src=\"https:\/\/www.omeps.it\/wp-content\/uploads\/2017\/05\/prog-01-crop-u53934.jpg\" alt=\"\" \/>\n\t\t<\/div>\n\t\t<div class=\"qode-info-card-text-holder\" style=\"background-color:#fff\">\n\t\t\t\t\t<h2 class=\"qode-info-card-title\" >\n\t\t\t\t1\t\t\t<\/h2>\n\t\t\t\t\t\t\t<p class=\"qode-info-card-text\" >\n\t\t\t\t\u00c9tude et r\u00e9alisation d\u2019un mod\u00e8le 3D de la citerne en fonction du volume de charge souhait\u00e9 par le client\t\t\t<\/p>\n\t\t\t<\/div>\n\t<\/div>[\/vc_column_inner][vc_column_inner width=\u00a0\u00bb1\/3&Prime; css=\u00a0\u00bb.vc_custom_1632125189567{margin-bottom: 30px !important;}\u00a0\u00bb]<div class=\"qode-info-card\">\n\t\t\t<div class=\"qode-info-card-image\" style=\"background-color:#fff\">\n\t\t\t<img src=\"https:\/\/www.omeps.it\/wp-content\/uploads\/2021\/09\/distrubuzione-carico.jpg\" alt=\"\" \/>\n\t\t<\/div>\n\t\t<div class=\"qode-info-card-text-holder\" style=\"background-color:#fff\">\n\t\t\t\t\t<h2 class=\"qode-info-card-title\" >\n\t\t\t\t2\t\t\t<\/h2>\n\t\t\t\t\t\t\t<p class=\"qode-info-card-text\" >\n\t\t\t\tV\u00e9rification de la r\u00e9partition de la charge sur la sellette et les essieux.\t\t\t<\/p>\n\t\t\t<\/div>\n\t<\/div>[\/vc_column_inner][vc_column_inner width=\u00a0\u00bb1\/3&Prime; css=\u00a0\u00bb.vc_custom_1632125199365{margin-bottom: 30px !important;}\u00a0\u00bb]<div class=\"qode-info-card\">\n\t\t\t<div class=\"qode-info-card-image\" style=\"background-color:#fff\">\n\t\t\t<img src=\"https:\/\/www.omeps.it\/wp-content\/uploads\/2021\/09\/Analisi-strutturale.jpg\" alt=\"\" \/>\n\t\t<\/div>\n\t\t<div class=\"qode-info-card-text-holder\" style=\"background-color:#fff\">\n\t\t\t\t\t<h2 class=\"qode-info-card-title\" >\n\t\t\t\t3\t\t\t<\/h2>\n\t\t\t\t\t\t\t<p class=\"qode-info-card-text\" >\n\t\t\t\tAnalyse structurelle et identification de solutions techniques pour r\u00e9duire le stress et am\u00e9liorer les temps de d\u00e9chargement de la citerne\u2028.\t\t\t<\/p>\n\t\t\t<\/div>\n\t<\/div>[\/vc_column_inner][\/vc_row_inner][vc_row_inner row_type=\u00a0\u00bbrow\u00a0\u00bb type=\u00a0\u00bbfull_width\u00a0\u00bb text_align=\u00a0\u00bbleft\u00a0\u00bb css_animation=\u00a0\u00bb\u00a0\u00bb][vc_column_inner width=\u00a0\u00bb1\/3&Prime; css=\u00a0\u00bb.vc_custom_1632125208940{margin-bottom: 30px !important;}\u00a0\u00bb]<div class=\"qode-info-card\">\n\t\t\t<div class=\"qode-info-card-image\" style=\"background-color:#fff\">\n\t\t\t<img src=\"https:\/\/www.omeps.it\/wp-content\/uploads\/2021\/09\/modellazione-3D.jpg\" alt=\"\" \/>\n\t\t<\/div>\n\t\t<div class=\"qode-info-card-text-holder\" style=\"background-color:#fff\">\n\t\t\t\t\t<h2 class=\"qode-info-card-title\" >\n\t\t\t\t4\t\t\t<\/h2>\n\t\t\t\t\t\t\t<p class=\"qode-info-card-text\" >\n\t\t\t\tMod\u00e9lisation 3D du ch\u00e2ssis, couvercles, passerelle et tous les autres composants jusqu\u2019\u00e0 une mod\u00e9lisation compl\u00e8te du v\u00e9hicule pour pr\u00e9venir probl\u00e8mes d\u2019assemblage.\t\t\t<\/p>\n\t\t\t<\/div>\n\t<\/div>[\/vc_column_inner][vc_column_inner width=\u00a0\u00bb1\/3&Prime; css=\u00a0\u00bb.vc_custom_1632125215027{margin-bottom: 30px !important;}\u00a0\u00bb]<div class=\"qode-info-card\">\n\t\t\t<div class=\"qode-info-card-image\" style=\"background-color:#fff\">\n\t\t\t<img src=\"https:\/\/www.omeps.it\/wp-content\/uploads\/2021\/09\/distribuzione-carichi.jpg\" alt=\"\" \/>\n\t\t<\/div>\n\t\t<div class=\"qode-info-card-text-holder\" style=\"background-color:#fff\">\n\t\t\t\t\t<h2 class=\"qode-info-card-title\" >\n\t\t\t\t5\t\t\t<\/h2>\n\t\t\t\t\t\t\t<p class=\"qode-info-card-text\" >\n\t\t\t\tPassage du mod\u00e8le 3D \u00e0 2D, r\u00e9alisation des dessins pour l\u2019ex\u00e9cution de la production. A ce point la, tout le travail passe en production pour la r\u00e9alisation effective du v\u00e9hicule.\t\t\t<\/p>\n\t\t\t<\/div>\n\t<\/div>[\/vc_column_inner][vc_column_inner width=\u00a0\u00bb1\/3&Prime; css=\u00a0\u00bb.vc_custom_1632125221192{margin-bottom: 30px !important;}\u00a0\u00bb][\/vc_column_inner][\/vc_row_inner][\/vc_column][\/vc_row]<\/p>\n<\/section>","protected":false},"excerpt":{"rendered":"<p>[vc_row css_animation=\u00a0\u00bb\u00a0\u00bb row_type=\u00a0\u00bbrow\u00a0\u00bb use_row_as_full_screen_section=\u00a0\u00bbno\u00a0\u00bb type=\u00a0\u00bbfull_width\u00a0\u00bb angled_section=\u00a0\u00bbno\u00a0\u00bb text_align=\u00a0\u00bbcenter\u00a0\u00bb background_image_as_pattern=\u00a0\u00bbwithout_pattern\u00a0\u00bb background_image=\u00a0\u00bb18831&Prime; css=\u00a0\u00bb.vc_custom_1635847963724{padding-top: 150px !important;padding-bottom: 150px !important;}\u00a0\u00bb z_index=\u00a0\u00bb\u00a0\u00bb][vc_column][vc_row_inner row_type=\u00a0\u00bbrow\u00a0\u00bb type=\u00a0\u00bbgrid\u00a0\u00bb text_align=\u00a0\u00bbleft\u00a0\u00bb css_animation=\u00a0\u00bb\u00a0\u00bb][vc_column_inner width=\u00a0\u00bb1\/6&Prime;][\/vc_column_inner][vc_column_inner width=\u00a0\u00bb2\/3&Prime;][vc_single_image image=\u00a0\u00bb15668&Prime; img_size=\u00a0\u00bbmedium\u00a0\u00bb alignment=\u00a0\u00bbcenter\u00a0\u00bb qode_css_animation=\u00a0\u00bb\u00a0\u00bb css=\u00a0\u00bb.vc_custom_1629813852915{margin-bottom: 30px !important;}\u00a0\u00bb][vc_column_text] Les exigences des clients sont la base de notre travail [\/vc_column_text][vc_separator type=\u00a0\u00bbsmall\u00a0\u00bb position=\u00a0\u00bbcenter\u00a0\u00bb up=\u00a0\u00bb26&Prime; down=\u00a0\u00bb26&Prime; thickness=\u00a0\u00bb5px\u00a0\u00bb][\/vc_column_inner][vc_column_inner width=\u00a0\u00bb1\/6&Prime;][\/vc_column_inner][\/vc_row_inner][\/vc_column][\/vc_row][vc_row&#8230;<\/p>\n","protected":false},"author":3,"featured_media":0,"parent":0,"menu_order":0,"comment_status":"closed","ping_status":"closed","template":"full_width.php","meta":{"_vp_format_video_url":"","_vp_image_focal_point":[]},"yoast_head":"<!-- This site is optimized with the Yoast SEO plugin v20.7 - https:\/\/yoast.com\/wordpress\/plugins\/seo\/ -->\n<title>Conception - O.ME.P.S. Silotrailers<\/title>\n<meta name=\"robots\" content=\"index, follow, max-snippet:-1, max-image-preview:large, max-video-preview:-1\" \/>\n<link rel=\"canonical\" href=\"https:\/\/www.omeps.it\/fr\/conception\/\" \/>\n<meta property=\"og:locale\" content=\"fr_FR\" \/>\n<meta property=\"og:type\" content=\"article\" \/>\n<meta property=\"og:title\" content=\"Conception - O.ME.P.S. Silotrailers\" \/>\n<meta property=\"og:description\" content=\"[vc_row css_animation=\u00a0\u00bb\u00a0\u00bb row_type=\u00a0\u00bbrow\u00a0\u00bb use_row_as_full_screen_section=\u00a0\u00bbno\u00a0\u00bb type=\u00a0\u00bbfull_width\u00a0\u00bb angled_section=\u00a0\u00bbno\u00a0\u00bb text_align=\u00a0\u00bbcenter\u00a0\u00bb background_image_as_pattern=\u00a0\u00bbwithout_pattern\u00a0\u00bb background_image=\u00a0\u00bb18831&Prime; css=\u00a0\u00bb.vc_custom_1635847963724{padding-top: 150px !important;padding-bottom: 150px !important;}\u00a0\u00bb z_index=\u00a0\u00bb\u00a0\u00bb][vc_column][vc_row_inner row_type=\u00a0\u00bbrow\u00a0\u00bb type=\u00a0\u00bbgrid\u00a0\u00bb text_align=\u00a0\u00bbleft\u00a0\u00bb css_animation=\u00a0\u00bb\u00a0\u00bb][vc_column_inner width=\u00a0\u00bb1\/6&Prime;][\/vc_column_inner][vc_column_inner width=\u00a0\u00bb2\/3&Prime;][vc_single_image image=\u00a0\u00bb15668&Prime; img_size=\u00a0\u00bbmedium\u00a0\u00bb alignment=\u00a0\u00bbcenter\u00a0\u00bb qode_css_animation=\u00a0\u00bb\u00a0\u00bb css=\u00a0\u00bb.vc_custom_1629813852915{margin-bottom: 30px !important;}\u00a0\u00bb][vc_column_text] Les exigences des clients sont la base de notre travail [\/vc_column_text][vc_separator type=\u00a0\u00bbsmall\u00a0\u00bb position=\u00a0\u00bbcenter\u00a0\u00bb up=\u00a0\u00bb26&Prime; down=\u00a0\u00bb26&Prime; thickness=\u00a0\u00bb5px\u00a0\u00bb][\/vc_column_inner][vc_column_inner width=\u00a0\u00bb1\/6&Prime;][\/vc_column_inner][\/vc_row_inner][\/vc_column][\/vc_row][vc_row...\" \/>\n<meta property=\"og:url\" content=\"https:\/\/www.omeps.it\/fr\/conception\/\" \/>\n<meta property=\"og:site_name\" content=\"O.ME.P.S. Silotrailers\" \/>\n<meta property=\"article:publisher\" content=\"https:\/\/www.facebook.com\/OMEPS.Italy\/\" \/>\n<meta property=\"article:modified_time\" content=\"2021-11-02T10:13:34+00:00\" \/>\n<meta name=\"twitter:card\" content=\"summary_large_image\" \/>\n<meta name=\"twitter:label1\" content=\"Dur\u00e9e de lecture estim\u00e9e\" \/>\n\t<meta name=\"twitter:data1\" content=\"2 minutes\" \/>\n<script type=\"application\/ld+json\" class=\"yoast-schema-graph\">{\"@context\":\"https:\/\/schema.org\",\"@graph\":[{\"@type\":\"WebPage\",\"@id\":\"https:\/\/www.omeps.it\/fr\/conception\/\",\"url\":\"https:\/\/www.omeps.it\/fr\/conception\/\",\"name\":\"Conception - O.ME.P.S. Silotrailers\",\"isPartOf\":{\"@id\":\"https:\/\/www.omeps.it\/fr\/#website\"},\"datePublished\":\"2021-09-20T14:03:27+00:00\",\"dateModified\":\"2021-11-02T10:13:34+00:00\",\"breadcrumb\":{\"@id\":\"https:\/\/www.omeps.it\/fr\/conception\/#breadcrumb\"},\"inLanguage\":\"fr-FR\",\"potentialAction\":[{\"@type\":\"ReadAction\",\"target\":[\"https:\/\/www.omeps.it\/fr\/conception\/\"]}]},{\"@type\":\"BreadcrumbList\",\"@id\":\"https:\/\/www.omeps.it\/fr\/conception\/#breadcrumb\",\"itemListElement\":[{\"@type\":\"ListItem\",\"position\":1,\"name\":\"Home\",\"item\":\"https:\/\/www.omeps.it\/fr\/\"},{\"@type\":\"ListItem\",\"position\":2,\"name\":\"Conception\"}]},{\"@type\":\"WebSite\",\"@id\":\"https:\/\/www.omeps.it\/fr\/#website\",\"url\":\"https:\/\/www.omeps.it\/fr\/\",\"name\":\"O.ME.P.S. Silotrailers\",\"description\":\"\",\"publisher\":{\"@id\":\"https:\/\/www.omeps.it\/fr\/#organization\"},\"potentialAction\":[{\"@type\":\"SearchAction\",\"target\":{\"@type\":\"EntryPoint\",\"urlTemplate\":\"https:\/\/www.omeps.it\/fr\/?s={search_term_string}\"},\"query-input\":\"required name=search_term_string\"}],\"inLanguage\":\"fr-FR\"},{\"@type\":\"Organization\",\"@id\":\"https:\/\/www.omeps.it\/fr\/#organization\",\"name\":\"O.ME.P.S. Srl\",\"url\":\"https:\/\/www.omeps.it\/fr\/\",\"logo\":{\"@type\":\"ImageObject\",\"inLanguage\":\"fr-FR\",\"@id\":\"https:\/\/www.omeps.it\/fr\/#\/schema\/logo\/image\/\",\"url\":\"https:\/\/www.omeps.it\/wp-content\/uploads\/2017\/05\/logo-lg.png\",\"contentUrl\":\"https:\/\/www.omeps.it\/wp-content\/uploads\/2017\/05\/logo-lg.png\",\"width\":255,\"height\":85,\"caption\":\"O.ME.P.S. Srl\"},\"image\":{\"@id\":\"https:\/\/www.omeps.it\/fr\/#\/schema\/logo\/image\/\"},\"sameAs\":[\"https:\/\/www.facebook.com\/OMEPS.Italy\/\"]}]}<\/script>\n<!-- \/ Yoast SEO plugin. -->","yoast_head_json":{"title":"Conception - O.ME.P.S. Silotrailers","robots":{"index":"index","follow":"follow","max-snippet":"max-snippet:-1","max-image-preview":"max-image-preview:large","max-video-preview":"max-video-preview:-1"},"canonical":"https:\/\/www.omeps.it\/fr\/conception\/","og_locale":"fr_FR","og_type":"article","og_title":"Conception - O.ME.P.S. Silotrailers","og_description":"[vc_row css_animation=\u00a0\u00bb\u00a0\u00bb row_type=\u00a0\u00bbrow\u00a0\u00bb use_row_as_full_screen_section=\u00a0\u00bbno\u00a0\u00bb type=\u00a0\u00bbfull_width\u00a0\u00bb angled_section=\u00a0\u00bbno\u00a0\u00bb text_align=\u00a0\u00bbcenter\u00a0\u00bb background_image_as_pattern=\u00a0\u00bbwithout_pattern\u00a0\u00bb background_image=\u00a0\u00bb18831&Prime; css=\u00a0\u00bb.vc_custom_1635847963724{padding-top: 150px !important;padding-bottom: 150px !important;}\u00a0\u00bb z_index=\u00a0\u00bb\u00a0\u00bb][vc_column][vc_row_inner row_type=\u00a0\u00bbrow\u00a0\u00bb type=\u00a0\u00bbgrid\u00a0\u00bb text_align=\u00a0\u00bbleft\u00a0\u00bb css_animation=\u00a0\u00bb\u00a0\u00bb][vc_column_inner width=\u00a0\u00bb1\/6&Prime;][\/vc_column_inner][vc_column_inner width=\u00a0\u00bb2\/3&Prime;][vc_single_image image=\u00a0\u00bb15668&Prime; img_size=\u00a0\u00bbmedium\u00a0\u00bb alignment=\u00a0\u00bbcenter\u00a0\u00bb qode_css_animation=\u00a0\u00bb\u00a0\u00bb css=\u00a0\u00bb.vc_custom_1629813852915{margin-bottom: 30px !important;}\u00a0\u00bb][vc_column_text] Les exigences des clients sont la base de notre travail [\/vc_column_text][vc_separator type=\u00a0\u00bbsmall\u00a0\u00bb position=\u00a0\u00bbcenter\u00a0\u00bb up=\u00a0\u00bb26&Prime; down=\u00a0\u00bb26&Prime; thickness=\u00a0\u00bb5px\u00a0\u00bb][\/vc_column_inner][vc_column_inner width=\u00a0\u00bb1\/6&Prime;][\/vc_column_inner][\/vc_row_inner][\/vc_column][\/vc_row][vc_row...","og_url":"https:\/\/www.omeps.it\/fr\/conception\/","og_site_name":"O.ME.P.S. Silotrailers","article_publisher":"https:\/\/www.facebook.com\/OMEPS.Italy\/","article_modified_time":"2021-11-02T10:13:34+00:00","twitter_card":"summary_large_image","twitter_misc":{"Dur\u00e9e de lecture estim\u00e9e":"2 minutes"},"schema":{"@context":"https:\/\/schema.org","@graph":[{"@type":"WebPage","@id":"https:\/\/www.omeps.it\/fr\/conception\/","url":"https:\/\/www.omeps.it\/fr\/conception\/","name":"Conception - O.ME.P.S. Silotrailers","isPartOf":{"@id":"https:\/\/www.omeps.it\/fr\/#website"},"datePublished":"2021-09-20T14:03:27+00:00","dateModified":"2021-11-02T10:13:34+00:00","breadcrumb":{"@id":"https:\/\/www.omeps.it\/fr\/conception\/#breadcrumb"},"inLanguage":"fr-FR","potentialAction":[{"@type":"ReadAction","target":["https:\/\/www.omeps.it\/fr\/conception\/"]}]},{"@type":"BreadcrumbList","@id":"https:\/\/www.omeps.it\/fr\/conception\/#breadcrumb","itemListElement":[{"@type":"ListItem","position":1,"name":"Home","item":"https:\/\/www.omeps.it\/fr\/"},{"@type":"ListItem","position":2,"name":"Conception"}]},{"@type":"WebSite","@id":"https:\/\/www.omeps.it\/fr\/#website","url":"https:\/\/www.omeps.it\/fr\/","name":"O.ME.P.S. Silotrailers","description":"","publisher":{"@id":"https:\/\/www.omeps.it\/fr\/#organization"},"potentialAction":[{"@type":"SearchAction","target":{"@type":"EntryPoint","urlTemplate":"https:\/\/www.omeps.it\/fr\/?s={search_term_string}"},"query-input":"required name=search_term_string"}],"inLanguage":"fr-FR"},{"@type":"Organization","@id":"https:\/\/www.omeps.it\/fr\/#organization","name":"O.ME.P.S. Srl","url":"https:\/\/www.omeps.it\/fr\/","logo":{"@type":"ImageObject","inLanguage":"fr-FR","@id":"https:\/\/www.omeps.it\/fr\/#\/schema\/logo\/image\/","url":"https:\/\/www.omeps.it\/wp-content\/uploads\/2017\/05\/logo-lg.png","contentUrl":"https:\/\/www.omeps.it\/wp-content\/uploads\/2017\/05\/logo-lg.png","width":255,"height":85,"caption":"O.ME.P.S. Srl"},"image":{"@id":"https:\/\/www.omeps.it\/fr\/#\/schema\/logo\/image\/"},"sameAs":["https:\/\/www.facebook.com\/OMEPS.Italy\/"]}]}},"_links":{"self":[{"href":"https:\/\/www.omeps.it\/fr\/wp-json\/wp\/v2\/pages\/17254"}],"collection":[{"href":"https:\/\/www.omeps.it\/fr\/wp-json\/wp\/v2\/pages"}],"about":[{"href":"https:\/\/www.omeps.it\/fr\/wp-json\/wp\/v2\/types\/page"}],"author":[{"embeddable":true,"href":"https:\/\/www.omeps.it\/fr\/wp-json\/wp\/v2\/users\/3"}],"replies":[{"embeddable":true,"href":"https:\/\/www.omeps.it\/fr\/wp-json\/wp\/v2\/comments?post=17254"}],"version-history":[{"count":6,"href":"https:\/\/www.omeps.it\/fr\/wp-json\/wp\/v2\/pages\/17254\/revisions"}],"predecessor-version":[{"id":18845,"href":"https:\/\/www.omeps.it\/fr\/wp-json\/wp\/v2\/pages\/17254\/revisions\/18845"}],"wp:attachment":[{"href":"https:\/\/www.omeps.it\/fr\/wp-json\/wp\/v2\/media?parent=17254"}],"curies":[{"name":"wp","href":"https:\/\/api.w.org\/{rel}","templated":true}]}}