{"id":452,"date":"2017-05-04T19:06:19","date_gmt":"2017-05-04T17:06:19","guid":{"rendered":"https:\/\/www.omeps.it\/?page_id=452"},"modified":"2022-11-16T12:50:01","modified_gmt":"2022-11-16T11:50:01","slug":"quienes-somos","status":"publish","type":"page","link":"https:\/\/www.omeps.it\/es\/quienes-somos\/","title":{"rendered":"Quienes somos"},"content":{"rendered":"<section class=\"wpb-content-wrapper\"><p>[vc_row css_animation=\u00bb\u00bb row_type=\u00bbrow\u00bb use_row_as_full_screen_section=\u00bbno\u00bb type=\u00bbfull_width\u00bb angled_section=\u00bbno\u00bb text_align=\u00bbcenter\u00bb background_image_as_pattern=\u00bbwithout_pattern\u00bb background_image=\u00bb18815&#8243; css=\u00bb.vc_custom_1635847067662{padding-top: 150px !important;padding-bottom: 150px !important;}\u00bb z_index=\u00bb\u00bb][vc_column][vc_row_inner row_type=\u00bbrow\u00bb type=\u00bbgrid\u00bb text_align=\u00bbleft\u00bb css_animation=\u00bb\u00bb][vc_column_inner width=\u00bb1\/6&#8243;][\/vc_column_inner][vc_column_inner width=\u00bb2\/3&#8243;][vc_single_image image=\u00bb15671&#8243; img_size=\u00bbmedium\u00bb alignment=\u00bbcenter\u00bb qode_css_animation=\u00bb\u00bb css=\u00bb.vc_custom_1629813852915{margin-bottom: 30px !important;}\u00bb][vc_column_text]<\/p>\n<h1 style=\"text-align: center; color: #fff;\">Una historia de tenacidad, habilidad e innovaci\u00f3n<\/h1>\n<p>[\/vc_column_text][vc_separator type=\u00bbsmall\u00bb position=\u00bbcenter\u00bb up=\u00bb26&#8243; down=\u00bb26&#8243; thickness=\u00bb5px\u00bb][\/vc_column_inner][vc_column_inner width=\u00bb1\/6&#8243;][\/vc_column_inner][\/vc_row_inner][\/vc_column][\/vc_row][vc_row css_animation=\u00bb\u00bb row_type=\u00bbrow\u00bb use_row_as_full_screen_section=\u00bbno\u00bb type=\u00bbgrid\u00bb angled_section=\u00bbno\u00bb text_align=\u00bbleft\u00bb background_image_as_pattern=\u00bbwithout_pattern\u00bb padding_top=\u00bb88&#8243; padding_bottom=\u00bb75&#8243;][vc_column width=\u00bb1\/2&#8243;][vc_video link=\u00bbhttps:\/\/www.youtube.com\/watch?v=zW3gX8_vseA\u00bb][\/vc_column][vc_column width=\u00bb1\/2&#8243;][vc_column_text]<\/p>\n<h3>O.ME.P.S. Silotrailers<\/h3>\n<p>[\/vc_column_text][vc_separator type=\u00bbsmall\u00bb position=\u00bbleft\u00bb up=\u00bb26&#8243; down=\u00bb26&#8243; thickness=\u00bb3px\u00bb][vc_column_text]Un nombre que recorre calles y autopistas desde 1999. Un viaje sin paradas que sali\u00f3 de Sur de Italia y que hoy en d\u00eda sigue atravesando los cinco continentes. Una Empresa que pone todo su atenci\u00f3n en la b\u00fasqueda, la calidad, el futuro. Una marca que es sin\u00f3nimo de confiabilidad en el sector de los transportes.<\/p>\n<p>Esta es <strong>O.ME.P.S.<\/strong><\/p>\n<p>Y sobre todo estos somos nosotros. Porque el nuestro, m\u00e1s bien que un trabajo es un proyecto, un sue\u00f1o. Porque una parte de nosotros siempre viaja con orgullo junto con nuestra marca. Y porque todos nosotros no tenemos ninguna intenci\u00f3n de pararnos.[\/vc_column_text][vc_separator type=\u00bbtransparent\u00bb up=\u00bb25&#8243; down=\u00bb0&#8243;][\/vc_column][\/vc_row][vc_row css_animation=\u00bb\u00bb row_type=\u00bbrow\u00bb use_row_as_full_screen_section=\u00bbno\u00bb type=\u00bbfull_width\u00bb angled_section=\u00bbno\u00bb text_align=\u00bbleft\u00bb background_image_as_pattern=\u00bbwithout_pattern\u00bb][vc_column][vc_single_image image=\u00bb19215&#8243; img_size=\u00bbfull\u00bb alignment=\u00bbcenter\u00bb qode_css_animation=\u00bb\u00bb][\/vc_column][\/vc_row][vc_row css_animation=\u00bb\u00bb row_type=\u00bbrow\u00bb use_row_as_full_screen_section=\u00bbno\u00bb type=\u00bbgrid\u00bb angled_section=\u00bbno\u00bb text_align=\u00bbleft\u00bb background_image_as_pattern=\u00bbwithout_pattern\u00bb padding_top=\u00bb88&#8243; padding_bottom=\u00bb75&#8243; css=\u00bb.vc_custom_1629971084843{background-color: #f7f7f7 !important;}\u00bb z_index=\u00bb\u00bb][vc_column width=\u00bb1\/2&#8243;][vc_column_text]<\/p>\n<h3>Historia de la Empresa<\/h3>\n<p>[\/vc_column_text][vc_separator type=\u00bbsmall\u00bb position=\u00bbleft\u00bb up=\u00bb26&#8243; down=\u00bb26&#8243; thickness=\u00bb3px\u00bb][vc_column_text]La historia de una Empresa muy a menudo coincide con la historia de un hombre: <strong>Vincenzo Munzio<\/strong>, que desde peque\u00f1o se interesa por los autoveh\u00edculos hasta hacer de ello su profesi\u00f3n, tanto en la reparaci\u00f3n como en la gesti\u00f3n de los repuestos. La competencia t\u00e9cnica es la base, aunque para llegar a lo m\u00e1s alto hace falta <strong>coraje<\/strong>. Por supuesto, hace alrededor de veinte a\u00f1os, no fue poco el coraje que le hizo falta a Munzio, ya fundador y administrador \u00fanico de O.ME.P.S., para pasar de service a producci\u00f3n de cisternas para transporte de productos sueltos y pulverulentos.<\/p>\n<p>La de O.ME.P.S. tambi\u00e9n es una historia de <strong>lealdad y amistad<\/strong>. De hecho, detr\u00e1s de su marca con 20 a\u00f1os, est\u00e1 el mismo equipo desde hace m\u00e1s de cuarenta a\u00f1os, y la mayor\u00eda de los t\u00e9cnicos y de los obreros que actualmente son empleados de O.ME.P.S. son los mismos con los que Munzio ha realizado su objetivo de llegar a ser propietario \u00fanico de una empresa fuerte, e<strong>stable y financieramente sana.<\/strong>[\/vc_column_text][vc_separator type=\u00bbtransparent\u00bb up=\u00bb25&#8243; down=\u00bb0&#8243;][\/vc_column][vc_column width=\u00bb1\/2&#8243;][vc_single_image image=\u00bb7775&#8243; img_size=\u00bb300&#215;300&#8243; alignment=\u00bbcenter\u00bb style=\u00bbvc_box_shadow_circle_2&#8243; qode_css_animation=\u00bbelement_from_fade\u00bb transition_delay=\u00bb0.2&#8243; css=\u00bb.vc_custom_1629971183648{margin-top: 50px !important;}\u00bb][\/vc_column][\/vc_row][vc_row row_type=\u00bbparallax\u00bb parallax_content_width=\u00bbfull_width\u00bb text_align=\u00bbleft\u00bb full_screen_section_height=\u00bbno\u00bb background_image=\u00bb18860&#8243; section_height=\u00bb600&#8243; parallax_speed=\u00bb1.5&#8243;][vc_column][\/vc_column][\/vc_row][vc_row css_animation=\u00bb\u00bb row_type=\u00bbrow\u00bb use_row_as_full_screen_section=\u00bbno\u00bb type=\u00bbfull_width\u00bb angled_section=\u00bbno\u00bb text_align=\u00bbleft\u00bb background_image_as_pattern=\u00bbwithout_pattern\u00bb z_index=\u00bb\u00bb background_image=\u00bb16888&#8243; padding_top=\u00bb300px\u00bb padding_bottom=\u00bb300px\u00bb css=\u00bb.vc_custom_1631722129501{padding-top: 100px !important;padding-bottom: 100px !important;}\u00bb][vc_column][vc_column_text]<\/p>\n<h3 style=\"text-align: center; color: #fff;\">Puntos fuertes de los cisternas OMEPS<\/h3>\n<p>[\/vc_column_text][vc_separator type=\u00bbsmall\u00bb position=\u00bbcenter\u00bb up=\u00bb26&#8243; down=\u00bb26&#8243;][vc_row_inner row_type=\u00bbrow\u00bb type=\u00bbgrid\u00bb text_align=\u00bbleft\u00bb css_animation=\u00bb\u00bb][vc_column_inner el_class=\u00bbcard\u00bb width=\u00bb1\/2&#8243; css=\u00bb.vc_custom_1636541773009{margin-right: 10px !important;margin-bottom: 35px !important;padding-right: 10% !important;padding-bottom: 30px !important;padding-left: 10% !important;background-color: #ffffff !important;border-radius: 10px !important;}\u00bb][vc_column_text]<\/p>\n<h4 style=\"text-align: center;\">Ligereza<\/h4>\n<p>[\/vc_column_text][vc_separator type=\u00bbsmall\u00bb position=\u00bbcenter\u00bb up=\u00bb26&#8243; down=\u00bb26&#8243;][vc_column_text]<\/p>\n<p style=\"text-align: center;\">O.ME.P.S. hace uso exclusivo de ligas ligeras. Esto ha contribuido para deducir el peso en vac\u00edo y aumentar la carga pagante: el quid de m\u00e1s que ha seducido el mercado y ha lanzado la marca O.ME.P.S. en todo el mundo.<\/p>\n<p>[\/vc_column_text][vc_empty_space height=\u00bb65px\u00bb][\/vc_column_inner][vc_column_inner el_class=\u00bbcard\u00bb width=\u00bb1\/2&#8243; css=\u00bb.vc_custom_1636541776800{padding-right: 10% !important;padding-bottom: 30px !important;padding-left: 10% !important;background-color: #ffffff !important;border-radius: 10px !important;}\u00bb][vc_column_text]<\/p>\n<h4 style=\"text-align: center;\">Est\u00e9tica<\/h4>\n<p>[\/vc_column_text][vc_separator type=\u00bbsmall\u00bb position=\u00bbcenter\u00bb up=\u00bb26&#8243; down=\u00bb26&#8243;][vc_column_text]<\/p>\n<p style=\"text-align: center;\">No puede faltar el importante papel que juega la belleza, profunda y que no se limita a su aspecto exterior: es la belleza que se convierte en elevado design mejorando la relaci\u00f3n con los flujos aerodin\u00e1micos y que le entrega al cliente <strong>aut\u00e9nticas joyas de la t\u00e9cnica y de la inovaci\u00f3n. \u2028 <\/strong>Los cisternas O.ME.P.S. tambi\u00e9n se pueden personalizar y decorar seg\u00fan los deseos del cliente.<strong><br \/>\n<\/strong>[\/vc_column_text][\/vc_column_inner][\/vc_row_inner][\/vc_column][\/vc_row]<\/p>\n<\/section>","protected":false},"excerpt":{"rendered":"<p>[vc_row css_animation=\u00bb\u00bb row_type=\u00bbrow\u00bb use_row_as_full_screen_section=\u00bbno\u00bb type=\u00bbfull_width\u00bb angled_section=\u00bbno\u00bb text_align=\u00bbcenter\u00bb background_image_as_pattern=\u00bbwithout_pattern\u00bb background_image=\u00bb18815&#8243; css=\u00bb.vc_custom_1635847067662{padding-top: 150px !important;padding-bottom: 150px !important;}\u00bb z_index=\u00bb\u00bb][vc_column][vc_row_inner row_type=\u00bbrow\u00bb type=\u00bbgrid\u00bb text_align=\u00bbleft\u00bb css_animation=\u00bb\u00bb][vc_column_inner width=\u00bb1\/6&#8243;][\/vc_column_inner][vc_column_inner width=\u00bb2\/3&#8243;][vc_single_image image=\u00bb15671&#8243; img_size=\u00bbmedium\u00bb alignment=\u00bbcenter\u00bb qode_css_animation=\u00bb\u00bb css=\u00bb.vc_custom_1629813852915{margin-bottom: 30px !important;}\u00bb][vc_column_text] Una historia de tenacidad, habilidad e innovaci\u00f3n [\/vc_column_text][vc_separator type=\u00bbsmall\u00bb position=\u00bbcenter\u00bb up=\u00bb26&#8243; down=\u00bb26&#8243; thickness=\u00bb5px\u00bb][\/vc_column_inner][vc_column_inner width=\u00bb1\/6&#8243;][\/vc_column_inner][\/vc_row_inner][\/vc_column][\/vc_row][vc_row css_animation=\u00bb\u00bb row_type=\u00bbrow\u00bb use_row_as_full_screen_section=\u00bbno\u00bb&#8230;<\/p>\n","protected":false},"author":2,"featured_media":2342,"parent":0,"menu_order":0,"comment_status":"closed","ping_status":"closed","template":"full_width.php","meta":{"_vp_format_video_url":"","_vp_image_focal_point":[]},"yoast_head":"<!-- This site is optimized with the Yoast SEO plugin v20.7 - https:\/\/yoast.com\/wordpress\/plugins\/seo\/ -->\n<title>Quienes somos - O.ME.P.S. Silotrailers<\/title>\n<meta name=\"description\" content=\"O.ME.P.S. se centra en la investigaci\u00f3n, la calidad y el futuro. Es una marca sin\u00f3nimo de m\u00e1xima fiabilidad en el sector del transporte.\" \/>\n<meta name=\"robots\" content=\"index, follow, max-snippet:-1, max-image-preview:large, max-video-preview:-1\" \/>\n<link rel=\"canonical\" href=\"https:\/\/www.omeps.it\/es\/quienes-somos\/\" \/>\n<meta property=\"og:locale\" content=\"es_ES\" \/>\n<meta property=\"og:type\" content=\"article\" \/>\n<meta property=\"og:title\" content=\"Quienes somos - O.ME.P.S. Silotrailers\" \/>\n<meta property=\"og:description\" content=\"O.ME.P.S. se centra en la investigaci\u00f3n, la calidad y el futuro. Es una marca sin\u00f3nimo de m\u00e1xima fiabilidad en el sector del transporte.\" \/>\n<meta property=\"og:url\" content=\"https:\/\/www.omeps.it\/es\/quienes-somos\/\" \/>\n<meta property=\"og:site_name\" content=\"O.ME.P.S. Silotrailers\" \/>\n<meta property=\"article:publisher\" content=\"https:\/\/www.facebook.com\/OMEPS.Italy\/\" \/>\n<meta property=\"article:modified_time\" content=\"2022-11-16T11:50:01+00:00\" \/>\n<meta property=\"og:image\" content=\"https:\/\/www.omeps.it\/wp-content\/uploads\/2017\/05\/azienda_cover-x.jpg\" \/>\n\t<meta property=\"og:image:width\" content=\"1281\" \/>\n\t<meta property=\"og:image:height\" content=\"479\" \/>\n\t<meta property=\"og:image:type\" content=\"image\/jpeg\" \/>\n<meta name=\"twitter:card\" content=\"summary_large_image\" \/>\n<meta name=\"twitter:label1\" content=\"Tiempo de lectura\" \/>\n\t<meta name=\"twitter:data1\" content=\"3 minutos\" \/>\n<script type=\"application\/ld+json\" class=\"yoast-schema-graph\">{\"@context\":\"https:\/\/schema.org\",\"@graph\":[{\"@type\":\"WebPage\",\"@id\":\"https:\/\/www.omeps.it\/es\/quienes-somos\/\",\"url\":\"https:\/\/www.omeps.it\/es\/quienes-somos\/\",\"name\":\"Quienes somos - O.ME.P.S. Silotrailers\",\"isPartOf\":{\"@id\":\"https:\/\/www.omeps.it\/es\/#website\"},\"datePublished\":\"2017-05-04T17:06:19+00:00\",\"dateModified\":\"2022-11-16T11:50:01+00:00\",\"description\":\"O.ME.P.S. se centra en la investigaci\u00f3n, la calidad y el futuro. Es una marca sin\u00f3nimo de m\u00e1xima fiabilidad en el sector del transporte.\",\"breadcrumb\":{\"@id\":\"https:\/\/www.omeps.it\/es\/quienes-somos\/#breadcrumb\"},\"inLanguage\":\"es\",\"potentialAction\":[{\"@type\":\"ReadAction\",\"target\":[\"https:\/\/www.omeps.it\/es\/quienes-somos\/\"]}]},{\"@type\":\"BreadcrumbList\",\"@id\":\"https:\/\/www.omeps.it\/es\/quienes-somos\/#breadcrumb\",\"itemListElement\":[{\"@type\":\"ListItem\",\"position\":1,\"name\":\"Home\",\"item\":\"https:\/\/www.omeps.it\/es\/\"},{\"@type\":\"ListItem\",\"position\":2,\"name\":\"Quienes somos\"}]},{\"@type\":\"WebSite\",\"@id\":\"https:\/\/www.omeps.it\/es\/#website\",\"url\":\"https:\/\/www.omeps.it\/es\/\",\"name\":\"O.ME.P.S. Silotrailers\",\"description\":\"\",\"publisher\":{\"@id\":\"https:\/\/www.omeps.it\/es\/#organization\"},\"potentialAction\":[{\"@type\":\"SearchAction\",\"target\":{\"@type\":\"EntryPoint\",\"urlTemplate\":\"https:\/\/www.omeps.it\/es\/?s={search_term_string}\"},\"query-input\":\"required name=search_term_string\"}],\"inLanguage\":\"es\"},{\"@type\":\"Organization\",\"@id\":\"https:\/\/www.omeps.it\/es\/#organization\",\"name\":\"O.ME.P.S. Srl\",\"url\":\"https:\/\/www.omeps.it\/es\/\",\"logo\":{\"@type\":\"ImageObject\",\"inLanguage\":\"es\",\"@id\":\"https:\/\/www.omeps.it\/es\/#\/schema\/logo\/image\/\",\"url\":\"https:\/\/www.omeps.it\/wp-content\/uploads\/2017\/05\/logo-lg.png\",\"contentUrl\":\"https:\/\/www.omeps.it\/wp-content\/uploads\/2017\/05\/logo-lg.png\",\"width\":255,\"height\":85,\"caption\":\"O.ME.P.S. Srl\"},\"image\":{\"@id\":\"https:\/\/www.omeps.it\/es\/#\/schema\/logo\/image\/\"},\"sameAs\":[\"https:\/\/www.facebook.com\/OMEPS.Italy\/\"]}]}<\/script>\n<!-- \/ Yoast SEO plugin. -->","yoast_head_json":{"title":"Quienes somos - O.ME.P.S. Silotrailers","description":"O.ME.P.S. se centra en la investigaci\u00f3n, la calidad y el futuro. Es una marca sin\u00f3nimo de m\u00e1xima fiabilidad en el sector del transporte.","robots":{"index":"index","follow":"follow","max-snippet":"max-snippet:-1","max-image-preview":"max-image-preview:large","max-video-preview":"max-video-preview:-1"},"canonical":"https:\/\/www.omeps.it\/es\/quienes-somos\/","og_locale":"es_ES","og_type":"article","og_title":"Quienes somos - O.ME.P.S. Silotrailers","og_description":"O.ME.P.S. se centra en la investigaci\u00f3n, la calidad y el futuro. Es una marca sin\u00f3nimo de m\u00e1xima fiabilidad en el sector del transporte.","og_url":"https:\/\/www.omeps.it\/es\/quienes-somos\/","og_site_name":"O.ME.P.S. Silotrailers","article_publisher":"https:\/\/www.facebook.com\/OMEPS.Italy\/","article_modified_time":"2022-11-16T11:50:01+00:00","og_image":[{"width":1281,"height":479,"url":"https:\/\/www.omeps.it\/wp-content\/uploads\/2017\/05\/azienda_cover-x.jpg","type":"image\/jpeg"}],"twitter_card":"summary_large_image","twitter_misc":{"Tiempo de lectura":"3 minutos"},"schema":{"@context":"https:\/\/schema.org","@graph":[{"@type":"WebPage","@id":"https:\/\/www.omeps.it\/es\/quienes-somos\/","url":"https:\/\/www.omeps.it\/es\/quienes-somos\/","name":"Quienes somos - O.ME.P.S. Silotrailers","isPartOf":{"@id":"https:\/\/www.omeps.it\/es\/#website"},"datePublished":"2017-05-04T17:06:19+00:00","dateModified":"2022-11-16T11:50:01+00:00","description":"O.ME.P.S. se centra en la investigaci\u00f3n, la calidad y el futuro. Es una marca sin\u00f3nimo de m\u00e1xima fiabilidad en el sector del transporte.","breadcrumb":{"@id":"https:\/\/www.omeps.it\/es\/quienes-somos\/#breadcrumb"},"inLanguage":"es","potentialAction":[{"@type":"ReadAction","target":["https:\/\/www.omeps.it\/es\/quienes-somos\/"]}]},{"@type":"BreadcrumbList","@id":"https:\/\/www.omeps.it\/es\/quienes-somos\/#breadcrumb","itemListElement":[{"@type":"ListItem","position":1,"name":"Home","item":"https:\/\/www.omeps.it\/es\/"},{"@type":"ListItem","position":2,"name":"Quienes somos"}]},{"@type":"WebSite","@id":"https:\/\/www.omeps.it\/es\/#website","url":"https:\/\/www.omeps.it\/es\/","name":"O.ME.P.S. Silotrailers","description":"","publisher":{"@id":"https:\/\/www.omeps.it\/es\/#organization"},"potentialAction":[{"@type":"SearchAction","target":{"@type":"EntryPoint","urlTemplate":"https:\/\/www.omeps.it\/es\/?s={search_term_string}"},"query-input":"required name=search_term_string"}],"inLanguage":"es"},{"@type":"Organization","@id":"https:\/\/www.omeps.it\/es\/#organization","name":"O.ME.P.S. Srl","url":"https:\/\/www.omeps.it\/es\/","logo":{"@type":"ImageObject","inLanguage":"es","@id":"https:\/\/www.omeps.it\/es\/#\/schema\/logo\/image\/","url":"https:\/\/www.omeps.it\/wp-content\/uploads\/2017\/05\/logo-lg.png","contentUrl":"https:\/\/www.omeps.it\/wp-content\/uploads\/2017\/05\/logo-lg.png","width":255,"height":85,"caption":"O.ME.P.S. Srl"},"image":{"@id":"https:\/\/www.omeps.it\/es\/#\/schema\/logo\/image\/"},"sameAs":["https:\/\/www.facebook.com\/OMEPS.Italy\/"]}]}},"_links":{"self":[{"href":"https:\/\/www.omeps.it\/es\/wp-json\/wp\/v2\/pages\/452"}],"collection":[{"href":"https:\/\/www.omeps.it\/es\/wp-json\/wp\/v2\/pages"}],"about":[{"href":"https:\/\/www.omeps.it\/es\/wp-json\/wp\/v2\/types\/page"}],"author":[{"embeddable":true,"href":"https:\/\/www.omeps.it\/es\/wp-json\/wp\/v2\/users\/2"}],"replies":[{"embeddable":true,"href":"https:\/\/www.omeps.it\/es\/wp-json\/wp\/v2\/comments?post=452"}],"version-history":[{"count":19,"href":"https:\/\/www.omeps.it\/es\/wp-json\/wp\/v2\/pages\/452\/revisions"}],"predecessor-version":[{"id":19221,"href":"https:\/\/www.omeps.it\/es\/wp-json\/wp\/v2\/pages\/452\/revisions\/19221"}],"wp:featuredmedia":[{"embeddable":true,"href":"https:\/\/www.omeps.it\/es\/wp-json\/wp\/v2\/media\/2342"}],"wp:attachment":[{"href":"https:\/\/www.omeps.it\/es\/wp-json\/wp\/v2\/media?parent=452"}],"curies":[{"name":"wp","href":"https:\/\/api.w.org\/{rel}","templated":true}]}}