{"id":568,"date":"2017-05-05T10:44:57","date_gmt":"2017-05-05T08:44:57","guid":{"rendered":"https:\/\/www.omeps.it\/?page_id=568"},"modified":"2022-11-16T12:46:10","modified_gmt":"2022-11-16T11:46:10","slug":"die-firma","status":"publish","type":"page","link":"https:\/\/www.omeps.it\/de\/die-firma\/","title":{"rendered":"Die Firma"},"content":{"rendered":"<section class=\"wpb-content-wrapper\"><p>[vc_row css_animation=&#8220;&#8220; row_type=&#8220;row&#8220; use_row_as_full_screen_section=&#8220;no&#8220; type=&#8220;full_width&#8220; angled_section=&#8220;no&#8220; text_align=&#8220;center&#8220; background_image_as_pattern=&#8220;without_pattern&#8220; background_image=&#8220;18813&#8243; css=&#8220;.vc_custom_1635846356899{padding-top: 150px !important;padding-bottom: 150px !important;}&#8220; z_index=&#8220;&#8220;][vc_column][vc_row_inner row_type=&#8220;row&#8220; type=&#8220;grid&#8220; text_align=&#8220;left&#8220; css_animation=&#8220;&#8220;][vc_column_inner width=&#8220;1\/6&#8243;][\/vc_column_inner][vc_column_inner width=&#8220;2\/3&#8243;][vc_single_image image=&#8220;15669&#8243; img_size=&#8220;medium&#8220; alignment=&#8220;center&#8220; qode_css_animation=&#8220;&#8220; css=&#8220;.vc_custom_1629813852915{margin-bottom: 30px !important;}&#8220;][vc_column_text]<\/p>\n<h1 style=\"text-align: center; color: #fff;\">Eine Geschichte, die von Zielstrebigkeit, Kompetenz und Innovation erz\u00e4hlt<\/h1>\n<p>[\/vc_column_text][vc_separator type=&#8220;small&#8220; position=&#8220;center&#8220; up=&#8220;26&#8243; down=&#8220;26&#8243; thickness=&#8220;5px&#8220;][\/vc_column_inner][vc_column_inner width=&#8220;1\/6&#8243;][\/vc_column_inner][\/vc_row_inner][\/vc_column][\/vc_row][vc_row css_animation=&#8220;&#8220; row_type=&#8220;row&#8220; use_row_as_full_screen_section=&#8220;no&#8220; type=&#8220;grid&#8220; angled_section=&#8220;no&#8220; text_align=&#8220;left&#8220; background_image_as_pattern=&#8220;without_pattern&#8220; padding_top=&#8220;88&#8243; padding_bottom=&#8220;75&#8243;][vc_column width=&#8220;1\/2&#8243;][vc_video link=&#8220;https:\/\/www.youtube.com\/watch?v=zW3gX8_vseA&#8220;][\/vc_column][vc_column width=&#8220;1\/2&#8243;][vc_column_text]<\/p>\n<h3>O.ME.P.S. Silotrailers<\/h3>\n<p>[\/vc_column_text][vc_separator type=&#8220;small&#8220; position=&#8220;left&#8220; up=&#8220;26&#8243; down=&#8220;26&#8243; thickness=&#8220;3px&#8220;][vc_column_text]Ein Name der die Stra\u00dfen und Autobahnen seit 1999 durchquert. Eine non-stop Reise, die aus S\u00fcditalien anfing und die heutzutage alle f\u00fcnf Kontinente \u00fcberquert. Eine Firma, die alles auf Forschung, Qualit\u00e4t und Zukunft setzt. Ein Markenzeichen, das gleichbedeutend mit der Zuverl\u00e4ssigkeit im Transportsektor ist.<\/p>\n<p>Das ist <strong>O.ME.P.S.<\/strong><\/p>\n<p>Und vor allem das sind wir. Weil unsere T\u00e4tigkeit, anstatt einer Arbeit, ist f\u00fcr uns ein Projekt, ein Traum. Weil ein kleiner Teil von uns stolz auf unser Markenzeichen ist. Und weil wir keine Absicht haben, uns anzuhalten.[\/vc_column_text][vc_separator type=&#8220;transparent&#8220; up=&#8220;25&#8243; down=&#8220;0&#8243;][\/vc_column][\/vc_row][vc_row css_animation=&#8220;&#8220; row_type=&#8220;row&#8220; use_row_as_full_screen_section=&#8220;no&#8220; type=&#8220;full_width&#8220; angled_section=&#8220;no&#8220; text_align=&#8220;center&#8220; background_image_as_pattern=&#8220;without_pattern&#8220; z_index=&#8220;&#8220; css=&#8220;.vc_custom_1638440272598{margin-top: 0px !important;margin-bottom: 0px !important;}&#8220;][vc_column][vc_single_image image=&#8220;19213&#8243; img_size=&#8220;full&#8220; alignment=&#8220;center&#8220; qode_css_animation=&#8220;element_from_fade&#8220; transition_delay=&#8220;0.2&#8243; css=&#8220;.vc_custom_1668599130633{margin-bottom: 30px !important;}&#8220;][\/vc_column][\/vc_row][vc_row css_animation=&#8220;&#8220; row_type=&#8220;row&#8220; use_row_as_full_screen_section=&#8220;no&#8220; type=&#8220;grid&#8220; angled_section=&#8220;no&#8220; text_align=&#8220;left&#8220; background_image_as_pattern=&#8220;without_pattern&#8220; padding_top=&#8220;88&#8243; padding_bottom=&#8220;75&#8243; css=&#8220;.vc_custom_1629971084843{background-color: #f7f7f7 !important;}&#8220; z_index=&#8220;&#8220;][vc_column width=&#8220;1\/2&#8243;][vc_column_text]<\/p>\n<h3>Firmen Geschichte<\/h3>\n<p>[\/vc_column_text][vc_separator type=&#8220;small&#8220; position=&#8220;left&#8220; up=&#8220;26&#8243; down=&#8220;26&#8243; thickness=&#8220;3px&#8220;][vc_column_text]<\/p>\n<p style=\"text-align: left;\">Sehr h\u00e4ufig ist die Geschichte eines Unternehmens auch die Geschichte eines Mannes: <strong>Vincenzo Munzio,<\/strong> der als er sehr jung war, interessierte sich an den Fahrzeugen und machte davon einen Beruf in den Reparaturen und in den Ersatzteilen. Die technische Kompetenz ist die Basis aber man braucht <strong>Mut<\/strong>, um das hohe Ziel anzustreben. Vor zwanzig Jahren war Herr M. Munzio, der Gr\u00fcnder und Gesch\u00e4ftsf\u00fchrer von O.ME.P.S., sehr mutig, von einem Service- und Supportzentrum zum Hersteller von Silotrailern f\u00fcr den Transport von Trockenmasseprodukten und Pulvern umzuziehen.<\/p>\n<p style=\"text-align: left;\">Die Geschichte von O.ME.P.S. ist auch eine Geschichte von <strong>Loyalit\u00e4t und Freundschaft.<\/strong> Hinter seiner 20-j\u00e4hrigen Markengeschichte gibt es n\u00e4mlich das gleiche Team f\u00fcr \u00fcber vierzig Jahre und die meisten Techniker und Arbeiter derzeit in O.ME.P.S. sind die gleichen Personen, mit denen M. Munzio sein Ziel erreicht hat, alleiniger Eigent\u00fcmer eines starken, <strong>stabilen und finanziell gesunden<\/strong> Unternehmens zu werden.<\/p>\n<p>[\/vc_column_text][vc_separator type=&#8220;transparent&#8220; up=&#8220;25&#8243; down=&#8220;0&#8243;][\/vc_column][vc_column width=&#8220;1\/2&#8243;][vc_single_image image=&#8220;7773&#8243; img_size=&#8220;300&#215;300&#8243; alignment=&#8220;center&#8220; style=&#8220;vc_box_shadow_circle_2&#8243; qode_css_animation=&#8220;element_from_fade&#8220; transition_delay=&#8220;0.2&#8243; css=&#8220;.vc_custom_1629971183648{margin-top: 50px !important;}&#8220;][\/vc_column][\/vc_row][vc_row row_type=&#8220;parallax&#8220; parallax_content_width=&#8220;full_width&#8220; text_align=&#8220;center&#8220; full_screen_section_height=&#8220;no&#8220; css=&#8220;.vc_custom_1638440401592{margin-top: 0px !important;margin-bottom: 0px !important;}&#8220; background_image=&#8220;18858&#8243; section_height=&#8220;600&#8243; parallax_speed=&#8220;1.5&#8243;][vc_column][\/vc_column][\/vc_row][vc_row css_animation=&#8220;&#8220; row_type=&#8220;row&#8220; use_row_as_full_screen_section=&#8220;no&#8220; type=&#8220;full_width&#8220; angled_section=&#8220;no&#8220; text_align=&#8220;left&#8220; background_image_as_pattern=&#8220;without_pattern&#8220; z_index=&#8220;&#8220; background_image=&#8220;16888&#8243; padding_top=&#8220;300px&#8220; padding_bottom=&#8220;300px&#8220; css=&#8220;.vc_custom_1631722129501{padding-top: 100px !important;padding-bottom: 100px !important;}&#8220;][vc_column][vc_column_text]<\/p>\n<h3 style=\"text-align: center; color: #fff;\">St\u00e4rken von OMEPS-Silofahrzeuge<\/h3>\n<p>[\/vc_column_text][vc_separator type=&#8220;small&#8220; position=&#8220;center&#8220; up=&#8220;26&#8243; down=&#8220;26&#8243;][vc_row_inner row_type=&#8220;row&#8220; type=&#8220;grid&#8220; text_align=&#8220;left&#8220; css_animation=&#8220;&#8220;][vc_column_inner el_class=&#8220;card&#8220; width=&#8220;1\/2&#8243; css=&#8220;.vc_custom_1638440633253{margin-right: 10px !important;margin-bottom: 35px !important;padding-right: 10% !important;padding-bottom: 30px !important;padding-left: 10% !important;background-color: #ffffff !important;border-radius: 10px !important;}&#8220;][vc_column_text]<\/p>\n<h4 style=\"text-align: center;\">Leichtigkeit<\/h4>\n<p>[\/vc_column_text][vc_separator type=&#8220;small&#8220; position=&#8220;center&#8220; up=&#8220;26&#8243; down=&#8220;26&#8243;][vc_column_text]<\/p>\n<p style=\"text-align: center;\">O.ME.P.S. verwendet in seinen Fahrzeugen ausschlie\u00dflich Leichtmetall-Legierungen. Dadurch kann das Eigengewicht reduziert und die Nutzlast erh\u00f6ht werden. Dies war das Extra, das den Markt verf\u00fchrte und das O.ME.P.S. weltweit und tr\u00e4gt ma\u00dfgeblich zum internationalen Erfolg bei.<\/p>\n<p>[\/vc_column_text][vc_empty_space height=&#8220;47px&#8220;][\/vc_column_inner][vc_column_inner el_class=&#8220;card&#8220; width=&#8220;1\/2&#8243; css=&#8220;.vc_custom_1638440637780{padding-right: 10% !important;padding-bottom: 30px !important;padding-left: 10% !important;background-color: #ffffff !important;border-radius: 10px !important;}&#8220;][vc_column_text]<\/p>\n<h4 style=\"text-align: center;\">\u00c4sthetik<\/h4>\n<p>[\/vc_column_text][vc_separator type=&#8220;small&#8220; position=&#8220;center&#8220; up=&#8220;26&#8243; down=&#8220;26&#8243;][vc_column_text]<\/p>\n<p style=\"text-align: center;\">Daneben die unausbleibliche Rolle der Sch\u00f6nheit: das tiefste es ist, der gr\u00f6\u00dfte Wert, den es hat: sie wird zu h\u00f6herem Design, indem sie die Beziehung zum aerodynamischen Fluss verbessert und den Kunden <strong>authentische Juwelen der Technologie und der Innovation<\/strong> zu liefern. Die O.ME.P.S. Silofahrzeuge k\u00f6nnen auch nach Kundenwunsch individualisiert und dekoriert werden.<\/p>\n<p>[\/vc_column_text][\/vc_column_inner][\/vc_row_inner][\/vc_column][\/vc_row]<\/p>\n<\/section>","protected":false},"excerpt":{"rendered":"<p>[vc_row css_animation=&#8220;&#8220; row_type=&#8220;row&#8220; use_row_as_full_screen_section=&#8220;no&#8220; type=&#8220;full_width&#8220; angled_section=&#8220;no&#8220; text_align=&#8220;center&#8220; background_image_as_pattern=&#8220;without_pattern&#8220; background_image=&#8220;18813&#8243; css=&#8220;.vc_custom_1635846356899{padding-top: 150px !important;padding-bottom: 150px !important;}&#8220; z_index=&#8220;&#8220;][vc_column][vc_row_inner row_type=&#8220;row&#8220; type=&#8220;grid&#8220; text_align=&#8220;left&#8220; css_animation=&#8220;&#8220;][vc_column_inner width=&#8220;1\/6&#8243;][\/vc_column_inner][vc_column_inner width=&#8220;2\/3&#8243;][vc_single_image image=&#8220;15669&#8243; img_size=&#8220;medium&#8220; alignment=&#8220;center&#8220; qode_css_animation=&#8220;&#8220; css=&#8220;.vc_custom_1629813852915{margin-bottom: 30px !important;}&#8220;][vc_column_text] Eine Geschichte, die von Zielstrebigkeit, Kompetenz und Innovation erz\u00e4hlt [\/vc_column_text][vc_separator type=&#8220;small&#8220; position=&#8220;center&#8220; up=&#8220;26&#8243; down=&#8220;26&#8243; thickness=&#8220;5px&#8220;][\/vc_column_inner][vc_column_inner width=&#8220;1\/6&#8243;][\/vc_column_inner][\/vc_row_inner][\/vc_column][\/vc_row][vc_row css_animation=&#8220;&#8220;&#8230;<\/p>\n","protected":false},"author":2,"featured_media":2340,"parent":0,"menu_order":0,"comment_status":"closed","ping_status":"closed","template":"full_width.php","meta":{"_vp_format_video_url":"","_vp_image_focal_point":[]},"yoast_head":"<!-- This site is optimized with the Yoast SEO plugin v20.7 - https:\/\/yoast.com\/wordpress\/plugins\/seo\/ -->\n<title>Die Firma - O.ME.P.S. Silotrailers<\/title>\n<meta name=\"description\" content=\"O.ME.P.S. fokussiert auf Forschung, Qualit\u00e4t und Zukunft. Es ist eine Firma, die f\u00fcr maximale Zuverl\u00e4ssigkeit im Transportsektor steht.\" \/>\n<meta name=\"robots\" content=\"index, follow, max-snippet:-1, max-image-preview:large, max-video-preview:-1\" \/>\n<link rel=\"canonical\" href=\"https:\/\/www.omeps.it\/de\/die-firma\/\" \/>\n<meta property=\"og:locale\" content=\"de_DE\" \/>\n<meta property=\"og:type\" content=\"article\" \/>\n<meta property=\"og:title\" content=\"Die Firma - O.ME.P.S. Silotrailers\" \/>\n<meta property=\"og:description\" content=\"O.ME.P.S. fokussiert auf Forschung, Qualit\u00e4t und Zukunft. Es ist eine Firma, die f\u00fcr maximale Zuverl\u00e4ssigkeit im Transportsektor steht.\" \/>\n<meta property=\"og:url\" content=\"https:\/\/www.omeps.it\/de\/die-firma\/\" \/>\n<meta property=\"og:site_name\" content=\"O.ME.P.S. Silotrailers\" \/>\n<meta property=\"article:publisher\" content=\"https:\/\/www.facebook.com\/OMEPS.Italy\/\" \/>\n<meta property=\"article:modified_time\" content=\"2022-11-16T11:46:10+00:00\" \/>\n<meta property=\"og:image\" content=\"https:\/\/www.omeps.it\/wp-content\/uploads\/2017\/05\/azienda_cover-x.jpg\" \/>\n\t<meta property=\"og:image:width\" content=\"1281\" \/>\n\t<meta property=\"og:image:height\" content=\"479\" \/>\n\t<meta property=\"og:image:type\" content=\"image\/jpeg\" \/>\n<meta name=\"twitter:card\" content=\"summary_large_image\" \/>\n<meta name=\"twitter:label1\" content=\"Gesch\u00e4tzte Lesezeit\" \/>\n\t<meta name=\"twitter:data1\" content=\"3\u00a0Minuten\" \/>\n<script type=\"application\/ld+json\" class=\"yoast-schema-graph\">{\"@context\":\"https:\/\/schema.org\",\"@graph\":[{\"@type\":\"WebPage\",\"@id\":\"https:\/\/www.omeps.it\/de\/die-firma\/\",\"url\":\"https:\/\/www.omeps.it\/de\/die-firma\/\",\"name\":\"Die Firma - O.ME.P.S. Silotrailers\",\"isPartOf\":{\"@id\":\"https:\/\/www.omeps.it\/de\/#website\"},\"datePublished\":\"2017-05-05T08:44:57+00:00\",\"dateModified\":\"2022-11-16T11:46:10+00:00\",\"description\":\"O.ME.P.S. fokussiert auf Forschung, Qualit\u00e4t und Zukunft. Es ist eine Firma, die f\u00fcr maximale Zuverl\u00e4ssigkeit im Transportsektor steht.\",\"breadcrumb\":{\"@id\":\"https:\/\/www.omeps.it\/de\/die-firma\/#breadcrumb\"},\"inLanguage\":\"de\",\"potentialAction\":[{\"@type\":\"ReadAction\",\"target\":[\"https:\/\/www.omeps.it\/de\/die-firma\/\"]}]},{\"@type\":\"BreadcrumbList\",\"@id\":\"https:\/\/www.omeps.it\/de\/die-firma\/#breadcrumb\",\"itemListElement\":[{\"@type\":\"ListItem\",\"position\":1,\"name\":\"Home\",\"item\":\"https:\/\/www.omeps.it\/de\/\"},{\"@type\":\"ListItem\",\"position\":2,\"name\":\"Die Firma\"}]},{\"@type\":\"WebSite\",\"@id\":\"https:\/\/www.omeps.it\/de\/#website\",\"url\":\"https:\/\/www.omeps.it\/de\/\",\"name\":\"O.ME.P.S. Silotrailers\",\"description\":\"\",\"publisher\":{\"@id\":\"https:\/\/www.omeps.it\/de\/#organization\"},\"potentialAction\":[{\"@type\":\"SearchAction\",\"target\":{\"@type\":\"EntryPoint\",\"urlTemplate\":\"https:\/\/www.omeps.it\/de\/?s={search_term_string}\"},\"query-input\":\"required name=search_term_string\"}],\"inLanguage\":\"de\"},{\"@type\":\"Organization\",\"@id\":\"https:\/\/www.omeps.it\/de\/#organization\",\"name\":\"O.ME.P.S. Srl\",\"url\":\"https:\/\/www.omeps.it\/de\/\",\"logo\":{\"@type\":\"ImageObject\",\"inLanguage\":\"de\",\"@id\":\"https:\/\/www.omeps.it\/de\/#\/schema\/logo\/image\/\",\"url\":\"https:\/\/www.omeps.it\/wp-content\/uploads\/2017\/05\/logo-lg.png\",\"contentUrl\":\"https:\/\/www.omeps.it\/wp-content\/uploads\/2017\/05\/logo-lg.png\",\"width\":255,\"height\":85,\"caption\":\"O.ME.P.S. Srl\"},\"image\":{\"@id\":\"https:\/\/www.omeps.it\/de\/#\/schema\/logo\/image\/\"},\"sameAs\":[\"https:\/\/www.facebook.com\/OMEPS.Italy\/\"]}]}<\/script>\n<!-- \/ Yoast SEO plugin. -->","yoast_head_json":{"title":"Die Firma - O.ME.P.S. Silotrailers","description":"O.ME.P.S. fokussiert auf Forschung, Qualit\u00e4t und Zukunft. Es ist eine Firma, die f\u00fcr maximale Zuverl\u00e4ssigkeit im Transportsektor steht.","robots":{"index":"index","follow":"follow","max-snippet":"max-snippet:-1","max-image-preview":"max-image-preview:large","max-video-preview":"max-video-preview:-1"},"canonical":"https:\/\/www.omeps.it\/de\/die-firma\/","og_locale":"de_DE","og_type":"article","og_title":"Die Firma - O.ME.P.S. Silotrailers","og_description":"O.ME.P.S. fokussiert auf Forschung, Qualit\u00e4t und Zukunft. Es ist eine Firma, die f\u00fcr maximale Zuverl\u00e4ssigkeit im Transportsektor steht.","og_url":"https:\/\/www.omeps.it\/de\/die-firma\/","og_site_name":"O.ME.P.S. Silotrailers","article_publisher":"https:\/\/www.facebook.com\/OMEPS.Italy\/","article_modified_time":"2022-11-16T11:46:10+00:00","og_image":[{"width":1281,"height":479,"url":"https:\/\/www.omeps.it\/wp-content\/uploads\/2017\/05\/azienda_cover-x.jpg","type":"image\/jpeg"}],"twitter_card":"summary_large_image","twitter_misc":{"Gesch\u00e4tzte Lesezeit":"3\u00a0Minuten"},"schema":{"@context":"https:\/\/schema.org","@graph":[{"@type":"WebPage","@id":"https:\/\/www.omeps.it\/de\/die-firma\/","url":"https:\/\/www.omeps.it\/de\/die-firma\/","name":"Die Firma - O.ME.P.S. Silotrailers","isPartOf":{"@id":"https:\/\/www.omeps.it\/de\/#website"},"datePublished":"2017-05-05T08:44:57+00:00","dateModified":"2022-11-16T11:46:10+00:00","description":"O.ME.P.S. fokussiert auf Forschung, Qualit\u00e4t und Zukunft. Es ist eine Firma, die f\u00fcr maximale Zuverl\u00e4ssigkeit im Transportsektor steht.","breadcrumb":{"@id":"https:\/\/www.omeps.it\/de\/die-firma\/#breadcrumb"},"inLanguage":"de","potentialAction":[{"@type":"ReadAction","target":["https:\/\/www.omeps.it\/de\/die-firma\/"]}]},{"@type":"BreadcrumbList","@id":"https:\/\/www.omeps.it\/de\/die-firma\/#breadcrumb","itemListElement":[{"@type":"ListItem","position":1,"name":"Home","item":"https:\/\/www.omeps.it\/de\/"},{"@type":"ListItem","position":2,"name":"Die Firma"}]},{"@type":"WebSite","@id":"https:\/\/www.omeps.it\/de\/#website","url":"https:\/\/www.omeps.it\/de\/","name":"O.ME.P.S. Silotrailers","description":"","publisher":{"@id":"https:\/\/www.omeps.it\/de\/#organization"},"potentialAction":[{"@type":"SearchAction","target":{"@type":"EntryPoint","urlTemplate":"https:\/\/www.omeps.it\/de\/?s={search_term_string}"},"query-input":"required name=search_term_string"}],"inLanguage":"de"},{"@type":"Organization","@id":"https:\/\/www.omeps.it\/de\/#organization","name":"O.ME.P.S. Srl","url":"https:\/\/www.omeps.it\/de\/","logo":{"@type":"ImageObject","inLanguage":"de","@id":"https:\/\/www.omeps.it\/de\/#\/schema\/logo\/image\/","url":"https:\/\/www.omeps.it\/wp-content\/uploads\/2017\/05\/logo-lg.png","contentUrl":"https:\/\/www.omeps.it\/wp-content\/uploads\/2017\/05\/logo-lg.png","width":255,"height":85,"caption":"O.ME.P.S. Srl"},"image":{"@id":"https:\/\/www.omeps.it\/de\/#\/schema\/logo\/image\/"},"sameAs":["https:\/\/www.facebook.com\/OMEPS.Italy\/"]}]}},"_links":{"self":[{"href":"https:\/\/www.omeps.it\/de\/wp-json\/wp\/v2\/pages\/568"}],"collection":[{"href":"https:\/\/www.omeps.it\/de\/wp-json\/wp\/v2\/pages"}],"about":[{"href":"https:\/\/www.omeps.it\/de\/wp-json\/wp\/v2\/types\/page"}],"author":[{"embeddable":true,"href":"https:\/\/www.omeps.it\/de\/wp-json\/wp\/v2\/users\/2"}],"replies":[{"embeddable":true,"href":"https:\/\/www.omeps.it\/de\/wp-json\/wp\/v2\/comments?post=568"}],"version-history":[{"count":19,"href":"https:\/\/www.omeps.it\/de\/wp-json\/wp\/v2\/pages\/568\/revisions"}],"predecessor-version":[{"id":19219,"href":"https:\/\/www.omeps.it\/de\/wp-json\/wp\/v2\/pages\/568\/revisions\/19219"}],"wp:featuredmedia":[{"embeddable":true,"href":"https:\/\/www.omeps.it\/de\/wp-json\/wp\/v2\/media\/2340"}],"wp:attachment":[{"href":"https:\/\/www.omeps.it\/de\/wp-json\/wp\/v2\/media?parent=568"}],"curies":[{"name":"wp","href":"https:\/\/api.w.org\/{rel}","templated":true}]}}