{"id":17322,"date":"2021-09-21T11:25:43","date_gmt":"2021-09-21T09:25:43","guid":{"rendered":"https:\/\/www.omeps.it\/?page_id=17322"},"modified":"2021-11-02T11:14:40","modified_gmt":"2021-11-02T10:14:40","slug":"planung","status":"publish","type":"page","link":"https:\/\/www.omeps.it\/de\/planung\/","title":{"rendered":"Planung"},"content":{"rendered":"<section class=\"wpb-content-wrapper\"><p>[vc_row css_animation=&#8220;&#8220; row_type=&#8220;row&#8220; use_row_as_full_screen_section=&#8220;no&#8220; type=&#8220;full_width&#8220; angled_section=&#8220;no&#8220; text_align=&#8220;center&#8220; background_image_as_pattern=&#8220;without_pattern&#8220; background_image=&#8220;18832&#8243; css=&#8220;.vc_custom_1635848064681{padding-top: 150px !important;padding-bottom: 150px !important;}&#8220; z_index=&#8220;&#8220;][vc_column][vc_row_inner row_type=&#8220;row&#8220; type=&#8220;grid&#8220; text_align=&#8220;left&#8220; css_animation=&#8220;&#8220;][vc_column_inner width=&#8220;1\/6&#8243;][\/vc_column_inner][vc_column_inner width=&#8220;2\/3&#8243;][vc_single_image image=&#8220;15669&#8243; img_size=&#8220;medium&#8220; alignment=&#8220;center&#8220; qode_css_animation=&#8220;&#8220; css=&#8220;.vc_custom_1629813852915{margin-bottom: 30px !important;}&#8220;][vc_column_text]<\/p>\n<h1 style=\"text-align: center; color: #fff;\">Die Bed\u00fcrfnisse des Kunden liegen an der Basis unserer Arbeit<\/h1>\n<p>[\/vc_column_text][vc_separator type=&#8220;small&#8220; position=&#8220;center&#8220; up=&#8220;26&#8243; down=&#8220;26&#8243; thickness=&#8220;5px&#8220;][\/vc_column_inner][vc_column_inner width=&#8220;1\/6&#8243;][\/vc_column_inner][\/vc_row_inner][\/vc_column][\/vc_row][vc_row css_animation=&#8220;&#8220; row_type=&#8220;row&#8220; use_row_as_full_screen_section=&#8220;no&#8220; type=&#8220;grid&#8220; angled_section=&#8220;no&#8220; text_align=&#8220;left&#8220; background_image_as_pattern=&#8220;without_pattern&#8220; padding_top=&#8220;88&#8243; padding_bottom=&#8220;75&#8243;][vc_column width=&#8220;1\/2&#8243;][vc_gallery type=&#8220;flexslider_slide&#8220; interval=&#8220;3&#8243; images=&#8220;16908,17136,17130,17142&#8243; img_size=&#8220;full&#8220; onclick=&#8220;&#8220; enable_drag=&#8220;yes&#8220; direction_nav=&#8220;yes&#8220; frame=&#8220;no&#8220;][\/vc_column][vc_column width=&#8220;1\/2&#8243;][vc_separator type=&#8220;transparent&#8220; up=&#8220;44&#8243; down=&#8220;0&#8243;][vc_column_text]<\/p>\n<h3>O.ME.P.S war der italienische Pionier in der Organisation einer technischen Abteilung, die in der Lage ist, die gesamte Entwurfsphase zu entwerfen und zu managen.<\/h3>\n<p>[\/vc_column_text][vc_separator type=&#8220;small&#8220; position=&#8220;left&#8220; up=&#8220;26&#8243; down=&#8220;26&#8243; thickness=&#8220;3px&#8220;][vc_column_text]Spezielle Software f\u00fcr 3D-Modellierung und innovative Berechnungssoftware erm\u00f6glichen O.ME.P.S.:<\/p>\n<ul>\n<li>auf die spezifischen Kundenw\u00fcnsche nach Volumen zu antworten<\/li>\n<li>die Zuverl\u00e4ssigkeit des Fahrzeuges durch Beladungszustandssimulationen genau zu kalibrieren<\/li>\n<li>Konstruktionsfehler zu vermeiden<\/li>\n<li>Produktions- und Lieferzeiten zu reduzieren<\/li>\n<li>Kosten zu reduzieren<\/li>\n<\/ul>\n<p>[\/vc_column_text][vc_separator type=&#8220;transparent&#8220; up=&#8220;25&#8243; down=&#8220;0&#8243;][\/vc_column][\/vc_row][vc_row css_animation=&#8220;&#8220; row_type=&#8220;row&#8220; use_row_as_full_screen_section=&#8220;no&#8220; type=&#8220;full_width&#8220; angled_section=&#8220;no&#8220; text_align=&#8220;left&#8220; background_image_as_pattern=&#8220;without_pattern&#8220; z_index=&#8220;&#8220; padding_top=&#8220;300px&#8220; padding_bottom=&#8220;300px&#8220; css=&#8220;.vc_custom_1629814994957{padding-top: 100px !important;padding-bottom: 100px !important;}&#8220;][vc_column][vc_row_inner row_type=&#8220;row&#8220; type=&#8220;full_width&#8220; text_align=&#8220;left&#8220; css_animation=&#8220;&#8220; css=&#8220;.vc_custom_1631867494391{padding-right: 5% !important;padding-left: 5% !important;}&#8220;][vc_column_inner width=&#8220;1\/5&#8243; css=&#8220;.vc_custom_1631542075115{margin-bottom: 30px !important;}&#8220;][vc_single_image image=&#8220;2855&#8243; img_size=&#8220;full&#8220; alignment=&#8220;center&#8220; qode_css_animation=&#8220;&#8220;][\/vc_column_inner][vc_column_inner width=&#8220;1\/5&#8243; css=&#8220;.vc_custom_1631542082257{margin-bottom: 30px !important;}&#8220;][vc_single_image image=&#8220;15886&#8243; img_size=&#8220;85&#215;108&#8243; alignment=&#8220;center&#8220; qode_css_animation=&#8220;&#8220;][\/vc_column_inner][vc_column_inner width=&#8220;1\/5&#8243; css=&#8220;.vc_custom_1631542590051{margin-bottom: 30px !important;}&#8220;][vc_single_image image=&#8220;2370&#8243; img_size=&#8220;full&#8220; alignment=&#8220;center&#8220; qode_css_animation=&#8220;&#8220;][\/vc_column_inner][vc_column_inner width=&#8220;1\/5&#8243; css=&#8220;.vc_custom_1631542596429{margin-bottom: 30px !important;}&#8220;][vc_single_image image=&#8220;15886&#8243; img_size=&#8220;85&#215;108&#8243; alignment=&#8220;center&#8220; qode_css_animation=&#8220;&#8220;][\/vc_column_inner][vc_column_inner width=&#8220;1\/5&#8243;][vc_single_image image=&#8220;15880&#8243; img_size=&#8220;308&#215;176&#8243; alignment=&#8220;center&#8220; qode_css_animation=&#8220;&#8220;][\/vc_column_inner][\/vc_row_inner][\/vc_column][\/vc_row][vc_row row_type=&#8220;parallax&#8220; parallax_content_width=&#8220;in_grid&#8220; text_align=&#8220;left&#8220; full_screen_section_height=&#8220;no&#8220; background_image=&#8220;18840&#8243; section_height=&#8220;500&#8243; parallax_speed=&#8220;1&#8243;][vc_column][\/vc_column][\/vc_row][vc_row css_animation=&#8220;&#8220; row_type=&#8220;row&#8220; use_row_as_full_screen_section=&#8220;no&#8220; type=&#8220;grid&#8220; angled_section=&#8220;no&#8220; text_align=&#8220;left&#8220; background_image_as_pattern=&#8220;without_pattern&#8220; padding_top=&#8220;88&#8243; padding_bottom=&#8220;75&#8243; z_index=&#8220;&#8220; css=&#8220;.vc_custom_1629809342859{padding-top: 100px !important;padding-bottom: 50px !important;background-color: #f7f7f7 !important;}&#8220;][vc_column][vc_column_text]<\/p>\n<h3 style=\"font-size: 40px; line-height: 45px;\">Nach der Auswertung der Kundenanfragen startet sofort ein pr\u00e4ziser Designprozess:<\/h3>\n<p>[\/vc_column_text][vc_separator type=&#8220;small&#8220; position=&#8220;left&#8220; up=&#8220;26&#8243; down=&#8220;26&#8243; thickness=&#8220;2&#8243;][vc_row_inner row_type=&#8220;row&#8220; type=&#8220;full_width&#8220; text_align=&#8220;left&#8220; css_animation=&#8220;&#8220;][vc_column_inner width=&#8220;1\/3&#8243; css=&#8220;.vc_custom_1632125182334{margin-bottom: 30px !important;}&#8220;]<div class=\"qode-info-card\">\n\t\t\t<div class=\"qode-info-card-image\" style=\"background-color:#fff\">\n\t\t\t<img src=\"https:\/\/www.omeps.it\/wp-content\/uploads\/2017\/05\/prog-01-crop-u53934.jpg\" alt=\"\" \/>\n\t\t<\/div>\n\t\t<div class=\"qode-info-card-text-holder\" style=\"background-color:#fff\">\n\t\t\t\t\t<h2 class=\"qode-info-card-title\" >\n\t\t\t\t1\t\t\t<\/h2>\n\t\t\t\t\t\t\t<p class=\"qode-info-card-text\" >\n\t\t\t\tUntersuchung und Implementierung eines Modelles des Silo-Beh\u00e4lters entsprechend dem gew\u00fcnschten Volumen.\t\t\t<\/p>\n\t\t\t<\/div>\n\t<\/div>[\/vc_column_inner][vc_column_inner width=&#8220;1\/3&#8243; css=&#8220;.vc_custom_1632125189567{margin-bottom: 30px !important;}&#8220;]<div class=\"qode-info-card\">\n\t\t\t<div class=\"qode-info-card-image\" style=\"background-color:#fff\">\n\t\t\t<img src=\"https:\/\/www.omeps.it\/wp-content\/uploads\/2021\/09\/distrubuzione-carico.jpg\" alt=\"\" \/>\n\t\t<\/div>\n\t\t<div class=\"qode-info-card-text-holder\" style=\"background-color:#fff\">\n\t\t\t\t\t<h2 class=\"qode-info-card-title\" >\n\t\t\t\t2\t\t\t<\/h2>\n\t\t\t\t\t\t\t<p class=\"qode-info-card-text\" >\n\t\t\t\t\u00dcberpr\u00fcfung der Lastverteilung auf den Kingpinszapfen und die Achsen.\t\t\t<\/p>\n\t\t\t<\/div>\n\t<\/div>[\/vc_column_inner][vc_column_inner width=&#8220;1\/3&#8243; css=&#8220;.vc_custom_1632125199365{margin-bottom: 30px !important;}&#8220;]<div class=\"qode-info-card\">\n\t\t\t<div class=\"qode-info-card-image\" style=\"background-color:#fff\">\n\t\t\t<img src=\"https:\/\/www.omeps.it\/wp-content\/uploads\/2021\/09\/Analisi-strutturale.jpg\" alt=\"\" \/>\n\t\t<\/div>\n\t\t<div class=\"qode-info-card-text-holder\" style=\"background-color:#fff\">\n\t\t\t\t\t<h2 class=\"qode-info-card-title\" >\n\t\t\t\t3\t\t\t<\/h2>\n\t\t\t\t\t\t\t<p class=\"qode-info-card-text\" >\n\t\t\t\tStrukturelle Modellanalyse und Identifikation technischer L\u00f6sungen, um den Stress zu reduzieren und die Auslaufzeit zu verbessern.\t\t\t<\/p>\n\t\t\t<\/div>\n\t<\/div>[\/vc_column_inner][\/vc_row_inner][vc_row_inner row_type=&#8220;row&#8220; type=&#8220;full_width&#8220; text_align=&#8220;left&#8220; css_animation=&#8220;&#8220;][vc_column_inner width=&#8220;1\/3&#8243; css=&#8220;.vc_custom_1632125208940{margin-bottom: 30px !important;}&#8220;]<div class=\"qode-info-card\">\n\t\t\t<div class=\"qode-info-card-image\" style=\"background-color:#fff\">\n\t\t\t<img src=\"https:\/\/www.omeps.it\/wp-content\/uploads\/2021\/09\/modellazione-3D.jpg\" alt=\"\" \/>\n\t\t<\/div>\n\t\t<div class=\"qode-info-card-text-holder\" style=\"background-color:#fff\">\n\t\t\t\t\t<h2 class=\"qode-info-card-title\" >\n\t\t\t\t4\t\t\t<\/h2>\n\t\t\t\t\t\t\t<p class=\"qode-info-card-text\" >\n\t\t\t\t3D-Modellierung von Chassis, Domdeckeln, Begehung und aller anderen Komponente bis zur vollst\u00e4ndigen Modellierung des Fahrzeuges, um eventuelle Montageprobleme zu vermeiden.\t\t\t<\/p>\n\t\t\t<\/div>\n\t<\/div>[\/vc_column_inner][vc_column_inner width=&#8220;1\/3&#8243; css=&#8220;.vc_custom_1632125215027{margin-bottom: 30px !important;}&#8220;]<div class=\"qode-info-card\">\n\t\t\t<div class=\"qode-info-card-image\" style=\"background-color:#fff\">\n\t\t\t<img src=\"https:\/\/www.omeps.it\/wp-content\/uploads\/2021\/09\/disegni.jpg\" alt=\"\" \/>\n\t\t<\/div>\n\t\t<div class=\"qode-info-card-text-holder\" style=\"background-color:#fff\">\n\t\t\t\t\t<h2 class=\"qode-info-card-title\" >\n\t\t\t\t5\t\t\t<\/h2>\n\t\t\t\t\t\t\t<p class=\"qode-info-card-text\" >\n\t\t\t\t\u00dcbergang vom 3D-Modell zur Entwicklung der flachen Oberfl\u00e4che jedes Bauteils, erstellung von Ausf\u00fchrungszeichnungen. An dieser Stelle geht die Arbeit in die Produktion f\u00fcr die effektive Herstellung des Fahrzeuges.\t\t\t<\/p>\n\t\t\t<\/div>\n\t<\/div>[\/vc_column_inner][vc_column_inner width=&#8220;1\/3&#8243; css=&#8220;.vc_custom_1632125221192{margin-bottom: 30px !important;}&#8220;][\/vc_column_inner][\/vc_row_inner][\/vc_column][\/vc_row]<\/p>\n<\/section>","protected":false},"excerpt":{"rendered":"<p>[vc_row css_animation=&#8220;&#8220; row_type=&#8220;row&#8220; use_row_as_full_screen_section=&#8220;no&#8220; type=&#8220;full_width&#8220; angled_section=&#8220;no&#8220; text_align=&#8220;center&#8220; background_image_as_pattern=&#8220;without_pattern&#8220; background_image=&#8220;18832&#8243; css=&#8220;.vc_custom_1635848064681{padding-top: 150px !important;padding-bottom: 150px !important;}&#8220; z_index=&#8220;&#8220;][vc_column][vc_row_inner row_type=&#8220;row&#8220; type=&#8220;grid&#8220; text_align=&#8220;left&#8220; css_animation=&#8220;&#8220;][vc_column_inner width=&#8220;1\/6&#8243;][\/vc_column_inner][vc_column_inner width=&#8220;2\/3&#8243;][vc_single_image image=&#8220;15669&#8243; img_size=&#8220;medium&#8220; alignment=&#8220;center&#8220; qode_css_animation=&#8220;&#8220; css=&#8220;.vc_custom_1629813852915{margin-bottom: 30px !important;}&#8220;][vc_column_text] Die Bed\u00fcrfnisse des Kunden liegen an der Basis unserer Arbeit [\/vc_column_text][vc_separator type=&#8220;small&#8220; position=&#8220;center&#8220; up=&#8220;26&#8243; down=&#8220;26&#8243; thickness=&#8220;5px&#8220;][\/vc_column_inner][vc_column_inner width=&#8220;1\/6&#8243;][\/vc_column_inner][\/vc_row_inner][\/vc_column][\/vc_row][vc_row&#8230;<\/p>\n","protected":false},"author":3,"featured_media":0,"parent":0,"menu_order":0,"comment_status":"closed","ping_status":"closed","template":"full_width.php","meta":{"_vp_format_video_url":"","_vp_image_focal_point":[]},"yoast_head":"<!-- This site is optimized with the Yoast SEO plugin v20.7 - https:\/\/yoast.com\/wordpress\/plugins\/seo\/ -->\n<title>Planung - O.ME.P.S. Silotrailers<\/title>\n<meta name=\"robots\" content=\"index, follow, max-snippet:-1, max-image-preview:large, max-video-preview:-1\" \/>\n<link rel=\"canonical\" href=\"https:\/\/www.omeps.it\/de\/planung\/\" \/>\n<meta property=\"og:locale\" content=\"de_DE\" \/>\n<meta property=\"og:type\" content=\"article\" \/>\n<meta property=\"og:title\" content=\"Planung - O.ME.P.S. Silotrailers\" \/>\n<meta property=\"og:description\" content=\"[vc_row css_animation=&#8220;&#8220; row_type=&#8220;row&#8220; use_row_as_full_screen_section=&#8220;no&#8220; type=&#8220;full_width&#8220; angled_section=&#8220;no&#8220; text_align=&#8220;center&#8220; background_image_as_pattern=&#8220;without_pattern&#8220; background_image=&#8220;18832&#8243; css=&#8220;.vc_custom_1635848064681{padding-top: 150px !important;padding-bottom: 150px !important;}&#8220; z_index=&#8220;&#8220;][vc_column][vc_row_inner row_type=&#8220;row&#8220; type=&#8220;grid&#8220; text_align=&#8220;left&#8220; css_animation=&#8220;&#8220;][vc_column_inner width=&#8220;1\/6&#8243;][\/vc_column_inner][vc_column_inner width=&#8220;2\/3&#8243;][vc_single_image image=&#8220;15669&#8243; img_size=&#8220;medium&#8220; alignment=&#8220;center&#8220; qode_css_animation=&#8220;&#8220; css=&#8220;.vc_custom_1629813852915{margin-bottom: 30px !important;}&#8220;][vc_column_text] Die Bed\u00fcrfnisse des Kunden liegen an der Basis unserer Arbeit [\/vc_column_text][vc_separator type=&#8220;small&#8220; position=&#8220;center&#8220; up=&#8220;26&#8243; down=&#8220;26&#8243; thickness=&#8220;5px&#8220;][\/vc_column_inner][vc_column_inner width=&#8220;1\/6&#8243;][\/vc_column_inner][\/vc_row_inner][\/vc_column][\/vc_row][vc_row...\" \/>\n<meta property=\"og:url\" content=\"https:\/\/www.omeps.it\/de\/planung\/\" \/>\n<meta property=\"og:site_name\" content=\"O.ME.P.S. Silotrailers\" \/>\n<meta property=\"article:publisher\" content=\"https:\/\/www.facebook.com\/OMEPS.Italy\/\" \/>\n<meta property=\"article:modified_time\" content=\"2021-11-02T10:14:40+00:00\" \/>\n<meta name=\"twitter:card\" content=\"summary_large_image\" \/>\n<meta name=\"twitter:label1\" content=\"Gesch\u00e4tzte Lesezeit\" \/>\n\t<meta name=\"twitter:data1\" content=\"4\u00a0Minuten\" \/>\n<script type=\"application\/ld+json\" class=\"yoast-schema-graph\">{\"@context\":\"https:\/\/schema.org\",\"@graph\":[{\"@type\":\"WebPage\",\"@id\":\"https:\/\/www.omeps.it\/de\/planung\/\",\"url\":\"https:\/\/www.omeps.it\/de\/planung\/\",\"name\":\"Planung - O.ME.P.S. Silotrailers\",\"isPartOf\":{\"@id\":\"https:\/\/www.omeps.it\/de\/#website\"},\"datePublished\":\"2021-09-21T09:25:43+00:00\",\"dateModified\":\"2021-11-02T10:14:40+00:00\",\"breadcrumb\":{\"@id\":\"https:\/\/www.omeps.it\/de\/planung\/#breadcrumb\"},\"inLanguage\":\"de\",\"potentialAction\":[{\"@type\":\"ReadAction\",\"target\":[\"https:\/\/www.omeps.it\/de\/planung\/\"]}]},{\"@type\":\"BreadcrumbList\",\"@id\":\"https:\/\/www.omeps.it\/de\/planung\/#breadcrumb\",\"itemListElement\":[{\"@type\":\"ListItem\",\"position\":1,\"name\":\"Home\",\"item\":\"https:\/\/www.omeps.it\/de\/\"},{\"@type\":\"ListItem\",\"position\":2,\"name\":\"Planung\"}]},{\"@type\":\"WebSite\",\"@id\":\"https:\/\/www.omeps.it\/de\/#website\",\"url\":\"https:\/\/www.omeps.it\/de\/\",\"name\":\"O.ME.P.S. Silotrailers\",\"description\":\"\",\"publisher\":{\"@id\":\"https:\/\/www.omeps.it\/de\/#organization\"},\"potentialAction\":[{\"@type\":\"SearchAction\",\"target\":{\"@type\":\"EntryPoint\",\"urlTemplate\":\"https:\/\/www.omeps.it\/de\/?s={search_term_string}\"},\"query-input\":\"required name=search_term_string\"}],\"inLanguage\":\"de\"},{\"@type\":\"Organization\",\"@id\":\"https:\/\/www.omeps.it\/de\/#organization\",\"name\":\"O.ME.P.S. Srl\",\"url\":\"https:\/\/www.omeps.it\/de\/\",\"logo\":{\"@type\":\"ImageObject\",\"inLanguage\":\"de\",\"@id\":\"https:\/\/www.omeps.it\/de\/#\/schema\/logo\/image\/\",\"url\":\"https:\/\/www.omeps.it\/wp-content\/uploads\/2017\/05\/logo-lg.png\",\"contentUrl\":\"https:\/\/www.omeps.it\/wp-content\/uploads\/2017\/05\/logo-lg.png\",\"width\":255,\"height\":85,\"caption\":\"O.ME.P.S. Srl\"},\"image\":{\"@id\":\"https:\/\/www.omeps.it\/de\/#\/schema\/logo\/image\/\"},\"sameAs\":[\"https:\/\/www.facebook.com\/OMEPS.Italy\/\"]}]}<\/script>\n<!-- \/ Yoast SEO plugin. -->","yoast_head_json":{"title":"Planung - O.ME.P.S. Silotrailers","robots":{"index":"index","follow":"follow","max-snippet":"max-snippet:-1","max-image-preview":"max-image-preview:large","max-video-preview":"max-video-preview:-1"},"canonical":"https:\/\/www.omeps.it\/de\/planung\/","og_locale":"de_DE","og_type":"article","og_title":"Planung - O.ME.P.S. Silotrailers","og_description":"[vc_row css_animation=&#8220;&#8220; row_type=&#8220;row&#8220; use_row_as_full_screen_section=&#8220;no&#8220; type=&#8220;full_width&#8220; angled_section=&#8220;no&#8220; text_align=&#8220;center&#8220; background_image_as_pattern=&#8220;without_pattern&#8220; background_image=&#8220;18832&#8243; css=&#8220;.vc_custom_1635848064681{padding-top: 150px !important;padding-bottom: 150px !important;}&#8220; z_index=&#8220;&#8220;][vc_column][vc_row_inner row_type=&#8220;row&#8220; type=&#8220;grid&#8220; text_align=&#8220;left&#8220; css_animation=&#8220;&#8220;][vc_column_inner width=&#8220;1\/6&#8243;][\/vc_column_inner][vc_column_inner width=&#8220;2\/3&#8243;][vc_single_image image=&#8220;15669&#8243; img_size=&#8220;medium&#8220; alignment=&#8220;center&#8220; qode_css_animation=&#8220;&#8220; css=&#8220;.vc_custom_1629813852915{margin-bottom: 30px !important;}&#8220;][vc_column_text] Die Bed\u00fcrfnisse des Kunden liegen an der Basis unserer Arbeit [\/vc_column_text][vc_separator type=&#8220;small&#8220; position=&#8220;center&#8220; up=&#8220;26&#8243; down=&#8220;26&#8243; thickness=&#8220;5px&#8220;][\/vc_column_inner][vc_column_inner width=&#8220;1\/6&#8243;][\/vc_column_inner][\/vc_row_inner][\/vc_column][\/vc_row][vc_row...","og_url":"https:\/\/www.omeps.it\/de\/planung\/","og_site_name":"O.ME.P.S. Silotrailers","article_publisher":"https:\/\/www.facebook.com\/OMEPS.Italy\/","article_modified_time":"2021-11-02T10:14:40+00:00","twitter_card":"summary_large_image","twitter_misc":{"Gesch\u00e4tzte Lesezeit":"4\u00a0Minuten"},"schema":{"@context":"https:\/\/schema.org","@graph":[{"@type":"WebPage","@id":"https:\/\/www.omeps.it\/de\/planung\/","url":"https:\/\/www.omeps.it\/de\/planung\/","name":"Planung - O.ME.P.S. Silotrailers","isPartOf":{"@id":"https:\/\/www.omeps.it\/de\/#website"},"datePublished":"2021-09-21T09:25:43+00:00","dateModified":"2021-11-02T10:14:40+00:00","breadcrumb":{"@id":"https:\/\/www.omeps.it\/de\/planung\/#breadcrumb"},"inLanguage":"de","potentialAction":[{"@type":"ReadAction","target":["https:\/\/www.omeps.it\/de\/planung\/"]}]},{"@type":"BreadcrumbList","@id":"https:\/\/www.omeps.it\/de\/planung\/#breadcrumb","itemListElement":[{"@type":"ListItem","position":1,"name":"Home","item":"https:\/\/www.omeps.it\/de\/"},{"@type":"ListItem","position":2,"name":"Planung"}]},{"@type":"WebSite","@id":"https:\/\/www.omeps.it\/de\/#website","url":"https:\/\/www.omeps.it\/de\/","name":"O.ME.P.S. Silotrailers","description":"","publisher":{"@id":"https:\/\/www.omeps.it\/de\/#organization"},"potentialAction":[{"@type":"SearchAction","target":{"@type":"EntryPoint","urlTemplate":"https:\/\/www.omeps.it\/de\/?s={search_term_string}"},"query-input":"required name=search_term_string"}],"inLanguage":"de"},{"@type":"Organization","@id":"https:\/\/www.omeps.it\/de\/#organization","name":"O.ME.P.S. Srl","url":"https:\/\/www.omeps.it\/de\/","logo":{"@type":"ImageObject","inLanguage":"de","@id":"https:\/\/www.omeps.it\/de\/#\/schema\/logo\/image\/","url":"https:\/\/www.omeps.it\/wp-content\/uploads\/2017\/05\/logo-lg.png","contentUrl":"https:\/\/www.omeps.it\/wp-content\/uploads\/2017\/05\/logo-lg.png","width":255,"height":85,"caption":"O.ME.P.S. Srl"},"image":{"@id":"https:\/\/www.omeps.it\/de\/#\/schema\/logo\/image\/"},"sameAs":["https:\/\/www.facebook.com\/OMEPS.Italy\/"]}]}},"_links":{"self":[{"href":"https:\/\/www.omeps.it\/de\/wp-json\/wp\/v2\/pages\/17322"}],"collection":[{"href":"https:\/\/www.omeps.it\/de\/wp-json\/wp\/v2\/pages"}],"about":[{"href":"https:\/\/www.omeps.it\/de\/wp-json\/wp\/v2\/types\/page"}],"author":[{"embeddable":true,"href":"https:\/\/www.omeps.it\/de\/wp-json\/wp\/v2\/users\/3"}],"replies":[{"embeddable":true,"href":"https:\/\/www.omeps.it\/de\/wp-json\/wp\/v2\/comments?post=17322"}],"version-history":[{"count":7,"href":"https:\/\/www.omeps.it\/de\/wp-json\/wp\/v2\/pages\/17322\/revisions"}],"predecessor-version":[{"id":18846,"href":"https:\/\/www.omeps.it\/de\/wp-json\/wp\/v2\/pages\/17322\/revisions\/18846"}],"wp:attachment":[{"href":"https:\/\/www.omeps.it\/de\/wp-json\/wp\/v2\/media?parent=17322"}],"curies":[{"name":"wp","href":"https:\/\/api.w.org\/{rel}","templated":true}]}}